{"id":18918,"date":"2014-06-02T11:17:04","date_gmt":"2014-06-02T11:17:04","guid":{"rendered":"http:\/\/demo.select-themes.com\/stockholm2\/?page_id=18918"},"modified":"2021-11-16T13:46:31","modified_gmt":"2021-11-16T13:46:31","slug":"contact-us","status":"publish","type":"page","link":"https:\/\/olosababaserria.es\/?page_id=18918","title":{"rendered":"Contacto"},"content":{"rendered":"<div class=\"wpb-content-wrapper\"><p>[vc_row row_type=\u00bbrow\u00bb use_row_as_full_screen_section=\u00bbno\u00bb type=\u00bbgrid\u00bb text_align=\u00bbleft\u00bb background_animation=\u00bbnone\u00bb padding_top=\u00bb100&#8243; padding_bottom=\u00bb50&#8243; css_animation=\u00bb\u00bb background_color=\u00bb#ffffff\u00bb][vc_column width=\u00bb1\/4&#8243;]<div class='q_icon_with_title  circle'><div class=\"icon_holder \" style=\" \"><div class=\"icon_holder_inner\"><span class=\"q_font_elegant_holder circle  custom-font\" style=\"font-size: 25px;background-color: #393939;\"><span class=\"icon_text_icon q_font_elegant_icon icon_pin_alt\" aria-hidden=\"true\" style=\"font-size: 25px;\"><\/span><\/span><\/div><\/div><div class=\"icon_text_holder\" style=\"padding-left: 100px\"><div class=\"icon_text_inner\" style=\"\"><h4 class=\"icon_title\" style=\"\">LOCALIZACI\u00d3N<\/h4><p style=''>Idokiliz Auzoa, 11, 48315 Kortezubi, Bizkaia.<\/p><\/div><\/div><\/div>[vc_separator type=\u00bbtransparent\u00bb border_style=\u00bb\u00bb up=\u00bb40&#8243;][\/vc_column][vc_column width=\u00bb1\/4&#8243;]<div class='q_icon_with_title  circle'><div class=\"icon_holder \" style=\" \"><div class=\"icon_holder_inner\"><span class=\"q_font_elegant_holder circle  custom-font\" style=\"font-size: 25px;background-color: #393939;\"><span class=\"icon_text_icon q_font_elegant_icon icon_phone\" aria-hidden=\"true\" style=\"font-size: 25px;\"><\/span><\/span><\/div><\/div><div class=\"icon_text_holder\" style=\"padding-left: 100px\"><div class=\"icon_text_inner\" style=\"\"><h4 class=\"icon_title\" style=\"\">TEL\u00c9FONO<\/h4><p style=''>+34 690 13 96 29<\/p><\/div><\/div><\/div>[vc_separator type=\u00bbtransparent\u00bb border_style=\u00bb\u00bb up=\u00bb40&#8243;][\/vc_column][vc_column width=\u00bb1\/4&#8243;]<div class='q_icon_with_title  circle'><div class=\"icon_holder \" style=\" \"><div class=\"icon_holder_inner\"><span class=\"q_font_elegant_holder circle  custom-font\" style=\"font-size: 25px;background-color: #393939;\"><span class=\"icon_text_icon q_font_elegant_icon icon_mail_alt\" aria-hidden=\"true\" style=\"font-size: 25px;\"><\/span><\/span><\/div><\/div><div class=\"icon_text_holder\" style=\"padding-left: 100px\"><div class=\"icon_text_inner\" style=\"\"><h4 class=\"icon_title\" style=\"\">E-MAIL<\/h4><p style=''>anartz@olosababaserria.es<\/p><\/div><\/div><\/div>[vc_separator type=\u00bbtransparent\u00bb border_style=\u00bb\u00bb up=\u00bb40&#8243;][\/vc_column][vc_column width=\u00bb1\/4&#8243;]<div class='q_icon_with_title  circle'><div class=\"icon_holder \" style=\"margin: 0; \"><div class=\"icon_holder_inner\"><span class=\"q_font_elegant_holder circle  custom-font\" style=\"font-size: 25px;background-color: #393939;\"><span class=\"icon_text_icon q_font_elegant_icon icon_globe\" aria-hidden=\"true\" style=\"font-size: 25px;\"><\/span><\/span><\/div><\/div><div class=\"icon_text_holder\" style=\"padding-left: 100px\"><div class=\"icon_text_inner\" style=\"\"><h4 class=\"icon_title\" style=\"\">WEB<\/h4><p style=''>www.olosababaserria.es<\/p><\/div><\/div><\/div>[\/vc_column][\/vc_row][vc_row row_type=\u00bbrow\u00bb use_row_as_full_screen_section=\u00bbno\u00bb type=\u00bbgrid\u00bb text_align=\u00bbleft\u00bb background_animation=\u00bbnone\u00bb css_animation=\u00bb\u00bb][vc_column][vc_empty_space height=\u00bb45px\u00bb][vc_column_text]<\/p>\n<h3>\u00a1ESCR\u00cdBENOS Y ENCARGA TU PEDIDO!<\/h3>\n<p>[\/vc_column_text][vc_empty_space height=\u00bb30px\u00bb][\/vc_column][\/vc_row][vc_row row_type=\u00bbrow\u00bb use_row_as_full_screen_section=\u00bbno\u00bb type=\u00bbfull_width\u00bb text_align=\u00bbcenter\u00bb background_animation=\u00bbnone\u00bb css_animation=\u00bb\u00bb][vc_column][vc_row_inner row_type=\u00bbrow\u00bb type=\u00bbgrid\u00bb use_row_as_full_screen_section_slide=\u00bbno\u00bb text_align=\u00bbleft\u00bb css_animation=\u00bb\u00bb][vc_column_inner]\n<div class=\"wpcf7 no-js\" id=\"wpcf7-f5-o1\" lang=\"es-ES\" dir=\"ltr\" data-wpcf7-id=\"5\">\n<div class=\"screen-reader-response\"><p role=\"status\" aria-live=\"polite\" aria-atomic=\"true\"><\/p> <ul><\/ul><\/div>\n<form action=\"\/index.php?rest_route=%2Fwp%2Fv2%2Fpages%2F18918#wpcf7-f5-o1\" method=\"post\" class=\"wpcf7-form init default\" aria-label=\"Formulario de contacto\" novalidate=\"novalidate\" data-status=\"init\">\n<fieldset class=\"hidden-fields-container\"><input type=\"hidden\" name=\"_wpcf7\" value=\"5\" \/><input type=\"hidden\" name=\"_wpcf7_version\" value=\"6.1.3\" \/><input type=\"hidden\" name=\"_wpcf7_locale\" value=\"es_ES\" \/><input type=\"hidden\" name=\"_wpcf7_unit_tag\" value=\"wpcf7-f5-o1\" \/><input type=\"hidden\" name=\"_wpcf7_container_post\" value=\"0\" \/><input type=\"hidden\" name=\"_wpcf7_posted_data_hash\" value=\"\" \/><input type=\"hidden\" name=\"_wpcf7_recaptcha_response\" value=\"\" \/>\n<\/fieldset>\n<p><label> Tu nombre (requerido)<br \/>\n<span class=\"wpcf7-form-control-wrap\" data-name=\"your-name\"><input size=\"40\" maxlength=\"400\" class=\"wpcf7-form-control wpcf7-text wpcf7-validates-as-required\" aria-required=\"true\" aria-invalid=\"false\" value=\"\" type=\"text\" name=\"your-name\" \/><\/span> <\/label>\n<\/p>\n<p><label> Tu Email (requerido)<br \/>\n<span class=\"wpcf7-form-control-wrap\" data-name=\"your-email\"><input size=\"40\" maxlength=\"400\" class=\"wpcf7-form-control wpcf7-email wpcf7-validates-as-required wpcf7-text wpcf7-validates-as-email\" aria-required=\"true\" aria-invalid=\"false\" value=\"\" type=\"email\" name=\"your-email\" \/><\/span> <\/label>\n<\/p>\n<p><label> Asunto<br \/>\n<span class=\"wpcf7-form-control-wrap\" data-name=\"your-subject\"><input size=\"40\" maxlength=\"400\" class=\"wpcf7-form-control wpcf7-text\" aria-invalid=\"false\" value=\"\" type=\"text\" name=\"your-subject\" \/><\/span> <\/label>\n<\/p>\n<p><label> Tu mensaje<br \/>\n<span class=\"wpcf7-form-control-wrap\" data-name=\"your-message\"><textarea cols=\"40\" rows=\"10\" maxlength=\"2000\" class=\"wpcf7-form-control wpcf7-textarea\" aria-invalid=\"false\" name=\"your-message\"><\/textarea><\/span> <\/label>\n<\/p>\n<div class=\"checkbox-proteccion-datos\">\n\t<p><span class=\"wpcf7-form-control-wrap\" data-name=\"acceptance-400\"><span class=\"wpcf7-form-control wpcf7-acceptance\"><span class=\"wpcf7-list-item\"><input type=\"checkbox\" name=\"acceptance-400\" value=\"1\" aria-invalid=\"false\" \/><\/span><\/span><\/span> Acepto el <a href=\"https:\/\/olosababaserria.es\/?page_id=21966\/\" target=\"blank_\">aviso legal<\/a> y la <a href=\"https:\/\/olosababaserria.es\/?page_id=3\/\" target=\"blank_\">pol\u00edtica de privacidad<\/a>.\n\t<\/p>\n<\/div>\n<p><input class=\"wpcf7-form-control wpcf7-submit has-spinner\" type=\"submit\" value=\"Enviar\" \/>\n<\/p><div class=\"wpcf7-response-output\" aria-hidden=\"true\"><\/div>\n<\/form>\n<\/div>\n[\/vc_column_inner][\/vc_row_inner][\/vc_column][\/vc_row][vc_row row_type=\u00bbrow\u00bb use_row_as_full_screen_section=\u00bbno\u00bb type=\u00bbfull_width\u00bb text_align=\u00bbleft\u00bb background_animation=\u00bbnone\u00bb css_animation=\u00bb\u00bb][vc_column][vc_empty_space height=\u00bb50px\u00bb][\/vc_column][\/vc_row][vc_row row_type=\u00bbrow\u00bb use_row_as_full_screen_section=\u00bbno\u00bb type=\u00bbgrid\u00bb text_align=\u00bbleft\u00bb background_animation=\u00bbnone\u00bb css_animation=\u00bb\u00bb][vc_column][vc_column_text]<\/p>\n<p style=\"font-size: 12px;\">Es nuestro deber informarte que los datos de car\u00e1cter personal que nos proporciones rellenando el presente formulario ser\u00e1n tratados por OLOSABA BASERRIA. como responsable de esta web. La finalidad de la recogida y tratamiento de los datos personales que te solicitamos es para gestionar la solicitud que realizas en este formulario de contacto.<\/p>\n<p>[vc_empty_space height=\u00bb10px\u00bb]<\/p>\n<p style=\"font-size: 12px;\">Legitimaci\u00f3n: Consentimiento del interesado. Como usuario e interesado te informamos que los datos que nos facilitas estar\u00e1n ubicados en los servidores de John Pollock Whitford \u2013 Gontzal Uriarte, S.C. (RK Informatika), proveedor de hosting de OLOSABA BASERRIA. dentro de la UE. Ver pol\u00edtica de privacidad de John Pollock Whitford \u2013 Gontzal Uriarte, S.C. (RK Informatika) en <a href=\"http:\/\/www.webrk.net\" target=\"_blank\" rel=\"noopener noreferrer\">www.webrk.net<\/a>. El hecho de que no introduzcas los datos de car\u00e1cter personal que aparecen en el formulario como obligatorios podr\u00e1 tener como consecuencia que no podamos atender tu solicitud. Podr\u00e1s ejercer tus derechos de acceso, rectificaci\u00f3n, limitaci\u00f3n y suprimir los datos escibi\u00e9ndonos a anartz@olosababaserria.es as\u00ed como el derecho a presentar una reclamaci\u00f3n ante una autoridad de control. Puedes consultar la informaci\u00f3n adicional y detallada sobre la <a href=\"https:\/\/rotulosdra.com\/politica-privacidad\/\" target=\"_blank\" rel=\"noopener noreferrer\">pol\u00edtica de privacidad<\/a> en nuestra p\u00e1gina web.<\/p>\n<p>[vc_empty_space height=\u00bb10px\u00bb][\/vc_column_text][\/vc_column][\/vc_row]<\/p>\n<\/div>","protected":false},"excerpt":{"rendered":"<p>[vc_row row_type=\u00bbrow\u00bb use_row_as_full_screen_section=\u00bbno\u00bb type=\u00bbgrid\u00bb text_align=\u00bbleft\u00bb background_animation=\u00bbnone\u00bb padding_top=\u00bb100&#8243; padding_bottom=\u00bb50&#8243; css_animation=\u00bb\u00bb background_color=\u00bb#ffffff\u00bb][vc_column width=\u00bb1\/4&#8243;][vc_separator type=\u00bbtransparent\u00bb border_style=\u00bb\u00bb up=\u00bb40&#8243;][\/vc_column][vc_column width=\u00bb1\/4&#8243;][vc_separator type=\u00bbtransparent\u00bb border_style=\u00bb\u00bb up=\u00bb40&#8243;][\/vc_column][vc_column width=\u00bb1\/4&#8243;][vc_separator type=\u00bbtransparent\u00bb border_style=\u00bb\u00bb up=\u00bb40&#8243;][\/vc_column][vc_column width=\u00bb1\/4&#8243;][\/vc_column][\/vc_row][vc_row row_type=\u00bbrow\u00bb use_row_as_full_screen_section=\u00bbno\u00bb type=\u00bbgrid\u00bb text_align=\u00bbleft\u00bb background_animation=\u00bbnone\u00bb css_animation=\u00bb\u00bb][vc_column][vc_empty_space height=\u00bb45px\u00bb][vc_column_text] \u00a1ESCR\u00cdBENOS Y ENCARGA TU PEDIDO! [\/vc_column_text][vc_empty_space height=\u00bb30px\u00bb][\/vc_column][\/vc_row][vc_row row_type=\u00bbrow\u00bb use_row_as_full_screen_section=\u00bbno\u00bb type=\u00bbfull_width\u00bb text_align=\u00bbcenter\u00bb background_animation=\u00bbnone\u00bb css_animation=\u00bb\u00bb][vc_column][vc_row_inner row_type=\u00bbrow\u00bb type=\u00bbgrid\u00bb&#8230;<\/p>\n","protected":false},"author":1,"featured_media":0,"parent":0,"menu_order":0,"comment_status":"open","ping_status":"closed","template":"contact-page.php","meta":{"_monsterinsights_skip_tracking":false,"_monsterinsights_sitenote_active":false,"_monsterinsights_sitenote_note":"","_monsterinsights_sitenote_category":0,"footnotes":""},"class_list":["post-18918","page","type-page","status-publish","hentry"],"aioseo_notices":[],"_links":{"self":[{"href":"https:\/\/olosababaserria.es\/index.php?rest_route=\/wp\/v2\/pages\/18918","targetHints":{"allow":["GET"]}}],"collection":[{"href":"https:\/\/olosababaserria.es\/index.php?rest_route=\/wp\/v2\/pages"}],"about":[{"href":"https:\/\/olosababaserria.es\/index.php?rest_route=\/wp\/v2\/types\/page"}],"author":[{"embeddable":true,"href":"https:\/\/olosababaserria.es\/index.php?rest_route=\/wp\/v2\/users\/1"}],"replies":[{"embeddable":true,"href":"https:\/\/olosababaserria.es\/index.php?rest_route=%2Fwp%2Fv2%2Fcomments&post=18918"}],"version-history":[{"count":24,"href":"https:\/\/olosababaserria.es\/index.php?rest_route=\/wp\/v2\/pages\/18918\/revisions"}],"predecessor-version":[{"id":22033,"href":"https:\/\/olosababaserria.es\/index.php?rest_route=\/wp\/v2\/pages\/18918\/revisions\/22033"}],"wp:attachment":[{"href":"https:\/\/olosababaserria.es\/index.php?rest_route=%2Fwp%2Fv2%2Fmedia&parent=18918"}],"curies":[{"name":"wp","href":"https:\/\/api.w.org\/{rel}","templated":true}]}}