{"id":19080,"date":"2014-06-03T08:07:04","date_gmt":"2014-06-03T08:07:04","guid":{"rendered":"http:\/\/demo.select-themes.com\/stockholm2\/?page_id=19080"},"modified":"2023-05-16T10:30:09","modified_gmt":"2023-05-16T10:30:09","slug":"our-services-with-full-width","status":"publish","type":"page","link":"https:\/\/olosababaserria.es\/?page_id=19080","title":{"rendered":"Nuestra carne"},"content":{"rendered":"<div class=\"wpb-content-wrapper\"><p>[vc_row row_type=\u00bbrow\u00bb use_row_as_full_screen_section=\u00bbno\u00bb type=\u00bbgrid\u00bb text_align=\u00bbleft\u00bb background_animation=\u00bbnone\u00bb css_animation=\u00bb\u00bb][vc_column][vc_empty_space height=\u00bb80px\u00bb][\/vc_column][\/vc_row][vc_row row_type=\u00bbrow\u00bb use_row_as_full_screen_section=\u00bbno\u00bb type=\u00bbgrid\u00bb text_align=\u00bbleft\u00bb background_animation=\u00bbnone\u00bb css_animation=\u00bb\u00bb background_color=\u00bb#ededed\u00bb][vc_column][vc_empty_space height=\u00bb10px\u00bb][vc_column_text]<\/p>\n<blockquote>\n<h2 style=\"text-align: center;\">CARNES PARA DISFRUTAR<\/h2>\n<\/blockquote>\n<p>[\/vc_column_text][vc_empty_space height=\u00bb10px\u00bb][vc_column_text]<\/p>\n<h6 style=\"text-align: center;\"><strong>Nuestra producci\u00f3n es totalmente natural.<\/strong> No utilizamos abonos qu\u00edmicos y nuestros piensos, compuestos de maiz,trigo y soja, est\u00e1n libres de transg\u00e9nicos y aceite de palma. Forrajes de nuestros propios campos.<\/h6>\n<p>[\/vc_column_text][vc_empty_space][\/vc_column][\/vc_row][vc_row row_type=\u00bbrow\u00bb use_row_as_full_screen_section=\u00bbno\u00bb type=\u00bbfull_width\u00bb text_align=\u00bbleft\u00bb background_animation=\u00bbnone\u00bb padding_top=\u00bb100&#8243; padding_bottom=\u00bb60&#8243; css_animation=\u00bb\u00bb background_color=\u00bb#ffffff\u00bb][vc_column][vc_row_inner row_type=\u00bbrow\u00bb type=\u00bbgrid\u00bb use_row_as_full_screen_section_slide=\u00bbno\u00bb text_align=\u00bbleft\u00bb css_animation=\u00bb\u00bb][vc_column_inner width=\u00bb1\/2&#8243;]<div class='image_hover ' style='' data-transition-delay=''><div class='images_holder'><img class='' src='https:\/\/olosababaserria.es\/wp-content\/uploads\/2021\/11\/lote-60-euros-nuestra-carne.jpg' alt='' style='' \/><img class='hover_image' src='' alt='' style='' \/><\/div><\/div>[vc_separator type=\u00bbtransparent\u00bb border_style=\u00bb\u00bb up=\u00bb40&#8243; down=\u00bb0&#8243;][\/vc_column_inner][vc_column_inner width=\u00bb1\/2&#8243;][vc_column_text]<\/p>\n<h5>LOTE TERNERA PREMIUM<\/h5>\n<p>[\/vc_column_text][vc_separator type=\u00bbtransparent\u00bb border_style=\u00bb\u00bb up=\u00bb30&#8243; down=\u00bb0&#8243;][vc_column_text]<\/p>\n<p style=\"text-align: left;\"><strong>Lote de 5kg <\/strong>de carne variada<\/p>\n<ul>\n<li style=\"text-align: left;\">600 gr. Txurrasko<\/li>\n<li>600 gr Filetes extra<\/li>\n<li>700 gr Filetes de 1\u00aa<\/li>\n<li>700 gr Filetes de 2\u00aa<\/li>\n<li>600 gr Zankarr\u00f3n<\/li>\n<li>600 gr Carne de guisar<\/li>\n<li>1200 gr Carne picada<\/li>\n<\/ul>\n<p>[\/vc_column_text][vc_separator type=\u00bbtransparent\u00bb border_style=\u00bb\u00bb up=\u00bb39&#8243; down=\u00bb0&#8243;]<a href=\"https:\/\/olosababaserria.es\/?page_id=18918\" target=\"_self\" data-hover-color=#ffffff class=\"qbutton  small\" style=\"\">RESERVAR<\/a>[\/vc_column_inner][\/vc_row_inner][\/vc_column][\/vc_row][vc_row row_type=\u00bbrow\u00bb use_row_as_full_screen_section=\u00bbno\u00bb type=\u00bbfull_width\u00bb text_align=\u00bbleft\u00bb background_animation=\u00bbnone\u00bb padding_top=\u00bb100&#8243; padding_bottom=\u00bb60&#8243; css_animation=\u00bb\u00bb background_color=\u00bb#f5f5f5&#8243;][vc_column][vc_row_inner row_type=\u00bbrow\u00bb type=\u00bbgrid\u00bb use_row_as_full_screen_section_slide=\u00bbno\u00bb text_align=\u00bbright\u00bb css_animation=\u00bb\u00bb][vc_column_inner width=\u00bb1\/2&#8243;][vc_column_text]<\/p>\n<h5 style=\"text-align: right;\">TXULETA<\/h5>\n<p>[\/vc_column_text][vc_separator type=\u00bbtransparent\u00bb border_style=\u00bb\u00bb up=\u00bb30&#8243; down=\u00bb0&#8243;][vc_column_text]<\/p>\n<p style=\"text-align: right;\">Exquisito txulet\u00f3n de terneras nacidas y criadas en nuestra explotaci\u00f3n. Seleccionamos esta pieza procedente del lomo con un grado de infiltraci\u00f3n de grasa que le proporciona un gusto y ternura excepcional que lo eleva a una <strong>calidad Premium experience.<\/strong><\/p>\n<p>&nbsp;<\/p>\n<p>[\/vc_column_text][vc_separator type=\u00bbtransparent\u00bb border_style=\u00bb\u00bb up=\u00bb39&#8243; down=\u00bb0&#8243;]<a href=\"https:\/\/olosababaserria.es\/?page_id=18918\" target=\"_self\" data-hover-color=#ffffff class=\"qbutton  small\" style=\"\">RESERVAR<\/a>[vc_separator type=\u00bbtransparent\u00bb border_style=\u00bb\u00bb up=\u00bb40&#8243; down=\u00bb0&#8243;][\/vc_column_inner][vc_column_inner width=\u00bb1\/2&#8243;]<div class='image_hover ' style='' data-transition-delay=''><div class='images_holder'><img class='active_image ' src='https:\/\/olosababaserria.es\/wp-content\/uploads\/2021\/10\/TXULETA-nuestra-carne-1.jpg' alt='' style='' \/><img class='hover_image' src='https:\/\/olosababaserria.es\/wp-content\/uploads\/2021\/10\/TXULETA-nuestra-carne-2.jpg' alt='' style='' \/><\/div><\/div>[\/vc_column_inner][vc_column_inner][vc_empty_space][\/vc_column_inner][vc_column_inner][\/vc_column_inner][\/vc_row_inner][\/vc_column][\/vc_row][vc_row row_type=\u00bbrow\u00bb use_row_as_full_screen_section=\u00bbno\u00bb type=\u00bbfull_width\u00bb text_align=\u00bbleft\u00bb background_animation=\u00bbnone\u00bb padding_top=\u00bb100&#8243; padding_bottom=\u00bb60&#8243; css_animation=\u00bb\u00bb background_color=\u00bb#ffffff\u00bb][vc_column][vc_row_inner row_type=\u00bbrow\u00bb type=\u00bbgrid\u00bb use_row_as_full_screen_section_slide=\u00bbno\u00bb text_align=\u00bbleft\u00bb css_animation=\u00bb\u00bb][vc_column_inner width=\u00bb1\/2&#8243;]<div class='image_hover ' style='' data-transition-delay=''><div class='images_holder'><img class='active_image ' src='https:\/\/olosababaserria.es\/wp-content\/uploads\/2021\/10\/solomillo-nuestra-carne.jpg' alt='' style='' \/><img class='hover_image' src='https:\/\/olosababaserria.es\/wp-content\/uploads\/2021\/10\/solomillo-nuestra-carne-2.jpg' alt='' style='' \/><\/div><\/div>[vc_separator type=\u00bbtransparent\u00bb border_style=\u00bb\u00bb up=\u00bb40&#8243; down=\u00bb0&#8243;][\/vc_column_inner][vc_column_inner width=\u00bb1\/2&#8243;][vc_column_text]<\/p>\n<h5>SOLOMILLO<\/h5>\n<p>[\/vc_column_text][vc_separator type=\u00bbtransparent\u00bb border_style=\u00bb\u00bb up=\u00bb30&#8243; down=\u00bb0&#8243;][vc_column_text]Nuestro solomillo de ternera, tiene una jugosidad, sabor y ternura inigualables.<\/p>\n<p>Medallones con un color rojizo intenso y una buena infiltraci\u00f3n de grasa que se convierten en toda una delicia para los paladares m\u00e1s exigentes.<\/p>\n<p>&nbsp;<\/p>\n<p>[\/vc_column_text][vc_separator type=\u00bbtransparent\u00bb border_style=\u00bb\u00bb up=\u00bb39&#8243; down=\u00bb0&#8243;]<a href=\"https:\/\/olosababaserria.es\/?page_id=18918\" target=\"_self\" data-hover-color=#ffffff class=\"qbutton  small\" style=\"\">RESERVAR<\/a>[\/vc_column_inner][\/vc_row_inner][\/vc_column][\/vc_row][vc_row row_type=\u00bbrow\u00bb use_row_as_full_screen_section=\u00bbno\u00bb type=\u00bbgrid\u00bb text_align=\u00bbright\u00bb background_animation=\u00bbnone\u00bb css_animation=\u00bb\u00bb background_color=\u00bb#f5f5f5&#8243;][vc_column width=\u00bb1\/2&#8243;][vc_empty_space height=\u00bb90px\u00bb][vc_column_text]<\/p>\n<h5 style=\"text-align: right;\">FILETES<\/h5>\n<p>[\/vc_column_text][vc_column_text]Nuestro Filete fino de ternera de un color rojizo intenso caracterizado por su gran sabor, ternura y jugosidad que hace las delicias de hasta los m\u00e1s peque\u00f1os de la familia<\/p>\n<p>&nbsp;<\/p>\n<p>[\/vc_column_text][vc_empty_space height=\u00bb45px\u00bb]<a href=\"https:\/\/olosababaserria.es\/?page_id=18918\" target=\"_self\" data-hover-color=#ffffff class=\"qbutton  small\" style=\"\">RESERVAR<\/a>[vc_empty_space height=\u00bb60px\u00bb][\/vc_column][vc_column width=\u00bb1\/2&#8243;][vc_empty_space height=\u00bb90px\u00bb]<div class='image_hover ' style='' data-transition-delay=''><div class='images_holder'><img class='active_image ' src='https:\/\/olosababaserria.es\/wp-content\/uploads\/2021\/11\/filetes-nuestra-carne-1.jpg' alt='filete carne olosaba' style='' \/><img class='hover_image' src='https:\/\/olosababaserria.es\/wp-content\/uploads\/2021\/11\/filetes-nuestra-carne-2.jpg' alt='' style='' \/><\/div><\/div>[\/vc_column][vc_column][vc_empty_space height=\u00bb90px\u00bb][\/vc_column][\/vc_row][vc_row row_type=\u00bbrow\u00bb use_row_as_full_screen_section=\u00bbno\u00bb type=\u00bbfull_width\u00bb text_align=\u00bbleft\u00bb background_animation=\u00bbnone\u00bb css_animation=\u00bb\u00bb][vc_column][vc_empty_space height=\u00bb60px\u00bb][vc_empty_space height=\u00bb30px\u00bb][\/vc_column][\/vc_row][vc_row row_type=\u00bbrow\u00bb use_row_as_full_screen_section=\u00bbno\u00bb type=\u00bbgrid\u00bb text_align=\u00bbleft\u00bb background_animation=\u00bbnone\u00bb css_animation=\u00bb\u00bb][vc_column width=\u00bb1\/2&#8243;]<div class='image_hover ' style='' data-transition-delay=''><div class='images_holder'><img class='active_image ' src='https:\/\/olosababaserria.es\/wp-content\/uploads\/2021\/10\/COSTILLA-nuestra-carne-1.jpg' alt='' style='' \/><img class='hover_image' src='https:\/\/olosababaserria.es\/wp-content\/uploads\/2021\/10\/COSTILLA-nuestra-carne-2.jpg' alt='' style='' \/><\/div><\/div>[vc_separator type=\u00bbtransparent\u00bb border_style=\u00bb\u00bb up=\u00bb40&#8243; down=\u00bb0&#8243;][\/vc_column][vc_column width=\u00bb1\/2&#8243;][vc_empty_space height=\u00bb15px\u00bb][vc_column_text]<\/p>\n<h5>COSTILLA GUISAR<\/h5>\n<p>[\/vc_column_text][vc_separator type=\u00bbtransparent\u00bb border_style=\u00bb\u00bb up=\u00bb39&#8243; down=\u00bb0&#8243;][vc_column_text]Costilla de ternera cortada en sentido contrario al hueso\u00a0 y rodeado de trozos de carne muy sabrosos. Su equilibrio entre carne y grasa hace de la costilla una pieza muy apropiada para preparar al horno que sin lugar a dudas har\u00e1 las delicias de tus comensales. Carne de calidad suprema<\/p>\n<p>&nbsp;<\/p>\n<p>[\/vc_column_text][vc_separator type=\u00bbtransparent\u00bb border_style=\u00bb\u00bb up=\u00bb39&#8243; down=\u00bb0&#8243;]<a href=\"https:\/\/olosababaserria.es\/?page_id=18918\" target=\"_self\" data-hover-color=#ffffff class=\"qbutton  small\" style=\"\">RESERVAR<\/a>[vc_separator type=\u00bbtransparent\u00bb border_style=\u00bb\u00bb up=\u00bb39&#8243; down=\u00bb0&#8243;][\/vc_column][\/vc_row][vc_row row_type=\u00bbrow\u00bb use_row_as_full_screen_section=\u00bbno\u00bb type=\u00bbfull_width\u00bb text_align=\u00bbleft\u00bb background_animation=\u00bbnone\u00bb css_animation=\u00bb\u00bb][vc_column][vc_empty_space height=\u00bb60px\u00bb][\/vc_column][\/vc_row][vc_row row_type=\u00bbrow\u00bb use_row_as_full_screen_section=\u00bbno\u00bb type=\u00bbfull_width\u00bb text_align=\u00bbright\u00bb background_animation=\u00bbnone\u00bb css_animation=\u00bb\u00bb background_color=\u00bb#f5f5f5&#8243;][vc_column][vc_empty_space height=\u00bb90px\u00bb][vc_row_inner row_type=\u00bbrow\u00bb type=\u00bbgrid\u00bb use_row_as_full_screen_section_slide=\u00bbno\u00bb text_align=\u00bbright\u00bb css_animation=\u00bb\u00bb][vc_column_inner width=\u00bb1\/2&#8243;][vc_empty_space][vc_column_text]<\/p>\n<h5 style=\"text-align: right;\">ZANCARR\u00d3N<\/h5>\n<p>[\/vc_column_text][vc_separator type=\u00bbtransparent\u00bb border_style=\u00bb\u00bb up=\u00bb39&#8243; down=\u00bb0&#8243;][vc_column_text]<\/p>\n<p style=\"text-align: right;\">Zancarr\u00f3n de ternera. Carne de calidad extra que dotado por su ternura y contenido gelatinoso en los cocidos hacen de \u00e9l\u00a0 un producto espectacular para los guisos y estofados.<\/p>\n<p>&nbsp;<\/p>\n<p>[\/vc_column_text][vc_separator type=\u00bbtransparent\u00bb border_style=\u00bb\u00bb up=\u00bb39&#8243; down=\u00bb0&#8243;]<a href=\"https:\/\/olosababaserria.es\/?page_id=18918\" target=\"_self\" data-hover-color=#ffffff class=\"qbutton  small\" style=\"\">RESERVAR<\/a>[vc_empty_space height=\u00bb120px\u00bb][\/vc_column_inner][vc_column_inner width=\u00bb1\/2&#8243;]<div class='image_hover ' style='' data-transition-delay=''><div class='images_holder'><img class='active_image ' src='https:\/\/olosababaserria.es\/wp-content\/uploads\/2021\/10\/zancarron-nuestra-carne-1.jpg' alt='' style='' \/><img class='hover_image' src='https:\/\/olosababaserria.es\/wp-content\/uploads\/2021\/10\/zancarron-nuestra-carne-2.jpg' alt='' style='' \/><\/div><\/div>[\/vc_column_inner][\/vc_row_inner][\/vc_column][\/vc_row][vc_row row_type=\u00bbrow\u00bb use_row_as_full_screen_section=\u00bbno\u00bb type=\u00bbfull_width\u00bb text_align=\u00bbleft\u00bb background_animation=\u00bbnone\u00bb css_animation=\u00bb\u00bb][vc_column][vc_empty_space height=\u00bb90px\u00bb][\/vc_column][\/vc_row][vc_row row_type=\u00bbrow\u00bb use_row_as_full_screen_section=\u00bbno\u00bb type=\u00bbgrid\u00bb text_align=\u00bbleft\u00bb background_animation=\u00bbnone\u00bb css_animation=\u00bb\u00bb][vc_column][vc_row_inner row_type=\u00bbrow\u00bb type=\u00bbfull_width\u00bb use_row_as_full_screen_section_slide=\u00bbno\u00bb text_align=\u00bbleft\u00bb css_animation=\u00bb\u00bb][vc_column_inner width=\u00bb1\/2&#8243;]<div class='image_hover ' style='' data-transition-delay=''><div class='images_holder'><img class='active_image ' src='https:\/\/olosababaserria.es\/wp-content\/uploads\/2021\/10\/guisar-nuestra-carne-1.jpg' alt='' style='' \/><img class='hover_image' src='https:\/\/olosababaserria.es\/wp-content\/uploads\/2021\/10\/guisar-nuestra-carne-2.jpg' alt='' style='' \/><\/div><\/div>[vc_separator type=\u00bbtransparent\u00bb border_style=\u00bb\u00bb up=\u00bb40&#8243; down=\u00bb0&#8243;][\/vc_column_inner][vc_column_inner width=\u00bb1\/2&#8243;][vc_empty_space height=\u00bb15px\u00bb][vc_column_text]<\/p>\n<h5>CARNE GUISAR<\/h5>\n<p>[\/vc_column_text][vc_separator type=\u00bbtransparent\u00bb border_style=\u00bb\u00bb up=\u00bb39&#8243; down=\u00bb0&#8243;][vc_column_text]Carne de ternera para guisar: De nuestra propia ganader\u00eda, seleccionamos los mejores tacos de carne para guisar.\u00a0 Piezas de gran sabor y ternura, ideales para preparar los mejores guisos por su buen grado de infiltraci\u00f3n de grasa.<\/p>\n<p>&nbsp;<\/p>\n<p>[\/vc_column_text][vc_separator type=\u00bbtransparent\u00bb border_style=\u00bb\u00bb up=\u00bb39&#8243; down=\u00bb0&#8243;]<a href=\"https:\/\/olosababaserria.es\/?page_id=18918\" target=\"_self\" data-hover-color=#ffffff class=\"qbutton  small\" style=\"\">RESERVAR<\/a>[\/vc_column_inner][\/vc_row_inner][\/vc_column][vc_column][vc_empty_space height=\u00bb60px\u00bb][\/vc_column][\/vc_row][vc_row row_type=\u00bbrow\u00bb use_row_as_full_screen_section=\u00bbno\u00bb type=\u00bbgrid\u00bb text_align=\u00bbright\u00bb background_animation=\u00bbnone\u00bb css_animation=\u00bb\u00bb background_color=\u00bb#f5f5f5&#8243;][vc_column][vc_empty_space height=\u00bb60px\u00bb][vc_row_inner row_type=\u00bbrow\u00bb type=\u00bbfull_width\u00bb use_row_as_full_screen_section_slide=\u00bbno\u00bb text_align=\u00bbright\u00bb css_animation=\u00bb\u00bb][vc_column_inner width=\u00bb1\/2&#8243;][vc_empty_space][vc_column_text]<\/p>\n<h5 style=\"text-align: right;\">CARNE PICADA<\/h5>\n<p>[\/vc_column_text][vc_separator type=\u00bbtransparent\u00bb border_style=\u00bb\u00bb up=\u00bb39&#8243; down=\u00bb0&#8243;][vc_column_text]<\/p>\n<p style=\"text-align: right;\">\u00a0Carne picada de ternera: obtenido de piezas frescas de la m\u00e1xima calidad para los platos estrella de la casa. 100% natural y\u00a0 sin ning\u00fan tipo de aditivo que nos deja un producto sabroso y espectacular.\u00a0 Una carne rica en prote\u00ednas y baja en grasa.<\/p>\n<p>&nbsp;<\/p>\n<p>[\/vc_column_text][vc_separator type=\u00bbtransparent\u00bb border_style=\u00bb\u00bb up=\u00bb39&#8243; down=\u00bb0&#8243;]<a href=\"https:\/\/olosababaserria.es\/?page_id=18918\" target=\"_self\" data-hover-color=#ffffff class=\"qbutton  small\" style=\"\">RESERVAR<\/a>[\/vc_column_inner][vc_column_inner width=\u00bb1\/2&#8243;]<div class='image_hover ' style='' data-transition-delay=''><div class='images_holder'><img class='active_image ' src='https:\/\/olosababaserria.es\/wp-content\/uploads\/2021\/10\/picada-nuestra-carne-1.jpg' alt='' style='' \/><img class='hover_image' src='https:\/\/olosababaserria.es\/wp-content\/uploads\/2021\/10\/picada-nuestra-carne-2.jpg' alt='' style='' \/><\/div><\/div>[\/vc_column_inner][\/vc_row_inner][vc_empty_space height=\u00bb60px\u00bb][\/vc_column][vc_column][vc_empty_space height=\u00bb60px\u00bb][\/vc_column][\/vc_row][vc_row row_type=\u00bbrow\u00bb use_row_as_full_screen_section=\u00bbno\u00bb type=\u00bbfull_width\u00bb text_align=\u00bbleft\u00bb background_animation=\u00bbnone\u00bb css_animation=\u00bb\u00bb][vc_column][vc_empty_space height=\u00bb90px\u00bb][\/vc_column][\/vc_row][vc_row row_type=\u00bbrow\u00bb use_row_as_full_screen_section=\u00bbno\u00bb type=\u00bbgrid\u00bb text_align=\u00bbleft\u00bb background_animation=\u00bbnone\u00bb css_animation=\u00bb\u00bb][vc_column][vc_row_inner row_type=\u00bbrow\u00bb type=\u00bbfull_width\u00bb use_row_as_full_screen_section_slide=\u00bbno\u00bb text_align=\u00bbleft\u00bb css_animation=\u00bb\u00bb][vc_column_inner width=\u00bb1\/2&#8243;]<div class='image_hover ' style='' data-transition-delay=''><div class='images_holder'><img class='active_image ' src='https:\/\/olosababaserria.es\/wp-content\/uploads\/2021\/10\/redondo-nuestra-carne-1.jpg' alt='' style='' \/><img class='hover_image' src='https:\/\/olosababaserria.es\/wp-content\/uploads\/2021\/10\/redondo-nuestra-carne-2.jpg' alt='' style='' \/><\/div><\/div>[\/vc_column_inner][vc_column_inner width=\u00bb1\/2&#8243;][vc_empty_space][vc_column_text]<\/p>\n<h5>REDONDO<\/h5>\n<p>[\/vc_column_text][vc_separator type=\u00bbtransparent\u00bb border_style=\u00bb\u00bb up=\u00bb39&#8243; down=\u00bb0&#8243;][vc_column_text]Redondo de ternera. Una de las principales y m\u00e1s apreciadas piezas para guisar, estofar o\u00a0 cocinar al horno. Se trata de una carne que apenas tiene grasa y tras el cocinado se obtiene una carne magra, blanda y muy nutritiva.<\/p>\n<p>&nbsp;<\/p>\n<p>[\/vc_column_text][vc_separator type=\u00bbtransparent\u00bb border_style=\u00bb\u00bb up=\u00bb39&#8243; down=\u00bb0&#8243;]<a href=\"https:\/\/olosababaserria.es\/?page_id=18918\" target=\"_self\" data-hover-color=#ffffff class=\"qbutton  small\" style=\"\">RESERVAR<\/a>[\/vc_column_inner][\/vc_row_inner][vc_empty_space height=\u00bb60px\u00bb][\/vc_column][\/vc_row][vc_row row_type=\u00bbrow\u00bb use_row_as_full_screen_section=\u00bbno\u00bb type=\u00bbfull_width\u00bb text_align=\u00bbright\u00bb background_animation=\u00bbnone\u00bb padding_top=\u00bb100&#8243; padding_bottom=\u00bb60&#8243; css_animation=\u00bb\u00bb background_color=\u00bb#f5f5f5&#8243;][vc_column][vc_row_inner row_type=\u00bbrow\u00bb type=\u00bbgrid\u00bb use_row_as_full_screen_section_slide=\u00bbno\u00bb text_align=\u00bbright\u00bb css_animation=\u00bb\u00bb][vc_column_inner width=\u00bb1\/2&#8243;][vc_empty_space][vc_column_text]<\/p>\n<h5 style=\"text-align: right;\">TXURRASCO<\/h5>\n<p>[\/vc_column_text][vc_separator type=\u00bbtransparent\u00bb border_style=\u00bb\u00bb up=\u00bb40&#8243; down=\u00bb0&#8243;][vc_column_text]<\/p>\n<p style=\"text-align: right;\">\u00a0 Churrasco de ternera presentado en cortes transversales. Sin duda una pieza \u00fanica para cocinar\u00a0 a la brasa o a la plancha. Dado a su equilibrado contenido en grasa se convierte en una exquisitez para todos los paladares.<\/p>\n<p>&nbsp;<\/p>\n<p>[\/vc_column_text][vc_separator type=\u00bbtransparent\u00bb border_style=\u00bb\u00bb up=\u00bb39&#8243; down=\u00bb0&#8243;]<a href=\"https:\/\/olosababaserria.es\/?page_id=18918\" target=\"_self\" data-hover-color=#ffffff class=\"qbutton  small\" style=\"\">RESERVAR<\/a>[vc_empty_space height=\u00bb120px\u00bb][\/vc_column_inner][vc_column_inner width=\u00bb1\/2&#8243;]<div class='image_hover ' style='' data-transition-delay=''><div class='images_holder'><img class='active_image ' src='https:\/\/olosababaserria.es\/wp-content\/uploads\/2021\/10\/TXURRASCO-nuestra-carne-1.jpg' alt='' style='' \/><img class='hover_image' src='https:\/\/olosababaserria.es\/wp-content\/uploads\/2021\/10\/TXURRASCO-nuestra-carne-2.jpg' alt='' style='' \/><\/div><\/div>[\/vc_column_inner][\/vc_row_inner][\/vc_column][\/vc_row]<\/p>\n<\/div>","protected":false},"excerpt":{"rendered":"<p>[vc_row row_type=\u00bbrow\u00bb use_row_as_full_screen_section=\u00bbno\u00bb type=\u00bbgrid\u00bb text_align=\u00bbleft\u00bb background_animation=\u00bbnone\u00bb css_animation=\u00bb\u00bb][vc_column][vc_empty_space height=\u00bb80px\u00bb][\/vc_column][\/vc_row][vc_row row_type=\u00bbrow\u00bb use_row_as_full_screen_section=\u00bbno\u00bb type=\u00bbgrid\u00bb text_align=\u00bbleft\u00bb background_animation=\u00bbnone\u00bb css_animation=\u00bb\u00bb background_color=\u00bb#ededed\u00bb][vc_column][vc_empty_space height=\u00bb10px\u00bb][vc_column_text] CARNES PARA DISFRUTAR [\/vc_column_text][vc_empty_space height=\u00bb10px\u00bb][vc_column_text] Nuestra producci\u00f3n es totalmente natural. No utilizamos abonos qu\u00edmicos y nuestros piensos, compuestos de maiz,trigo y soja, est\u00e1n libres de transg\u00e9nicos y aceite de&#8230;<\/p>\n","protected":false},"author":1,"featured_media":0,"parent":0,"menu_order":0,"comment_status":"open","ping_status":"closed","template":"full_width.php","meta":{"_monsterinsights_skip_tracking":false,"_monsterinsights_sitenote_active":false,"_monsterinsights_sitenote_note":"","_monsterinsights_sitenote_category":0,"footnotes":""},"class_list":["post-19080","page","type-page","status-publish","hentry"],"aioseo_notices":[],"_links":{"self":[{"href":"https:\/\/olosababaserria.es\/index.php?rest_route=\/wp\/v2\/pages\/19080","targetHints":{"allow":["GET"]}}],"collection":[{"href":"https:\/\/olosababaserria.es\/index.php?rest_route=\/wp\/v2\/pages"}],"about":[{"href":"https:\/\/olosababaserria.es\/index.php?rest_route=\/wp\/v2\/types\/page"}],"author":[{"embeddable":true,"href":"https:\/\/olosababaserria.es\/index.php?rest_route=\/wp\/v2\/users\/1"}],"replies":[{"embeddable":true,"href":"https:\/\/olosababaserria.es\/index.php?rest_route=%2Fwp%2Fv2%2Fcomments&post=19080"}],"version-history":[{"count":98,"href":"https:\/\/olosababaserria.es\/index.php?rest_route=\/wp\/v2\/pages\/19080\/revisions"}],"predecessor-version":[{"id":22064,"href":"https:\/\/olosababaserria.es\/index.php?rest_route=\/wp\/v2\/pages\/19080\/revisions\/22064"}],"wp:attachment":[{"href":"https:\/\/olosababaserria.es\/index.php?rest_route=%2Fwp%2Fv2%2Fmedia&parent=19080"}],"curies":[{"name":"wp","href":"https:\/\/api.w.org\/{rel}","templated":true}]}}