{"id":19153,"date":"2014-06-03T11:35:29","date_gmt":"2014-06-03T11:35:29","guid":{"rendered":"http:\/\/demo.select-themes.com\/stockholm2\/?page_id=19153"},"modified":"2021-11-10T16:42:29","modified_gmt":"2021-11-10T16:42:29","slug":"our-process","status":"publish","type":"page","link":"https:\/\/olosababaserria.es\/?page_id=19153","title":{"rendered":"Olosaba"},"content":{"rendered":"<div class=\"wpb-content-wrapper\"><p>[vc_row row_type=\u00bbrow\u00bb use_row_as_full_screen_section=\u00bbno\u00bb type=\u00bbfull_width\u00bb text_align=\u00bbleft\u00bb background_animation=\u00bbnone\u00bb css_animation=\u00bb\u00bb][vc_column][vc_empty_space height=\u00bb150px\u00bb][\/vc_column][\/vc_row][vc_row row_type=\u00bbrow\u00bb use_row_as_full_screen_section=\u00bbno\u00bb type=\u00bbgrid\u00bb text_align=\u00bbleft\u00bb background_animation=\u00bbnone\u00bb css_animation=\u00bb\u00bb][vc_column width=\u00bb1\/3&#8243;][vc_row_inner row_type=\u00bbrow\u00bb type=\u00bbfull_width\u00bb use_row_as_full_screen_section_slide=\u00bbno\u00bb text_align=\u00bbleft\u00bb css_animation=\u00bb\u00bb][vc_column_inner][vc_empty_space height=\u00bb60px\u00bb][vc_empty_space height=\u00bb150x\u00bb][\/vc_column_inner][vc_column_inner][vc_empty_space height=\u00bb60x\u00bb][vc_single_image image=\u00bb21863&#8243; img_size=\u00bbmedium\u00bb alignment=\u00bbcenter\u00bb qode_css_animation=\u00bb\u00bb][\/vc_column_inner][vc_column_inner][\/vc_column_inner][\/vc_row_inner][\/vc_column][vc_column width=\u00bb2\/3&#8243;][vc_column_text]<\/p>\n<h3><span style=\"color: #999999;\">OLOSABA BASERRIA<\/span><\/h3>\n<p>&nbsp;<\/p>\n<p>El caser\u00edo Olosaba Baserria, se encuentra en la peque\u00f1a poblaci\u00f3n de kortezubi (Bizkaia), en un entorno natural privilegiado, rodeado de praderas y montes en plena reserva de Urdaibai.<\/p>\n<p>Disponemos de una peque\u00f1a explotaci\u00f3n ganadera familiar donde criamos reses de raza Limousine.<\/p>\n<p>&nbsp;<\/p>\n<p>En el a\u00f1o <strong>1980<\/strong>, se realiz\u00f3 la compra del caser\u00edo.<\/p>\n<p>&nbsp;<\/p>\n<p>En<strong> 2010<\/strong>, se construy\u00f3 el nuevo pabell\u00f3n para la estabulaci\u00f3n del ganado<\/p>\n<p>&nbsp;<\/p>\n<p>En <strong>2015<\/strong>, se produjo una reconversi\u00f3n del ganado a raza Limousine, adquiriendo novillas con carta geneal\u00f3gica y apostando por la mejora gen\u00e9tica.<\/p>\n<p>&nbsp;<\/p>\n<p>En <strong>2021<\/strong>, se crea la marca \u00abOlosaba Baserria\u00bb y se comienza con la venta directa de carne.[\/vc_column_text][\/vc_column][\/vc_row][vc_row row_type=\u00bbrow\u00bb use_row_as_full_screen_section=\u00bbno\u00bb type=\u00bbfull_width\u00bb text_align=\u00bbleft\u00bb background_animation=\u00bbnone\u00bb css_animation=\u00bb\u00bb][vc_column][vc_empty_space height=\u00bb200px\u00bb][\/vc_column][\/vc_row][vc_row row_type=\u00bbrow\u00bb use_row_as_full_screen_section=\u00bbno\u00bb type=\u00bbfull_width\u00bb text_align=\u00bbleft\u00bb background_image=\u00bb21889&#8243; background_animation=\u00bbnone\u00bb css_animation=\u00bb\u00bb][vc_column][vc_empty_space height=\u00bb300px\u00bb][\/vc_column][\/vc_row][vc_row row_type=\u00bbrow\u00bb use_row_as_full_screen_section=\u00bbno\u00bb type=\u00bbfull_width\u00bb text_align=\u00bbleft\u00bb background_animation=\u00bbnone\u00bb css_animation=\u00bb\u00bb][vc_column][\/vc_column][\/vc_row]<\/p>\n<\/div>","protected":false},"excerpt":{"rendered":"<p>[vc_row row_type=\u00bbrow\u00bb use_row_as_full_screen_section=\u00bbno\u00bb type=\u00bbfull_width\u00bb text_align=\u00bbleft\u00bb background_animation=\u00bbnone\u00bb css_animation=\u00bb\u00bb][vc_column][vc_empty_space height=\u00bb150px\u00bb][\/vc_column][\/vc_row][vc_row row_type=\u00bbrow\u00bb use_row_as_full_screen_section=\u00bbno\u00bb type=\u00bbgrid\u00bb text_align=\u00bbleft\u00bb background_animation=\u00bbnone\u00bb css_animation=\u00bb\u00bb][vc_column width=\u00bb1\/3&#8243;][vc_row_inner row_type=\u00bbrow\u00bb type=\u00bbfull_width\u00bb use_row_as_full_screen_section_slide=\u00bbno\u00bb text_align=\u00bbleft\u00bb css_animation=\u00bb\u00bb][vc_column_inner][vc_empty_space height=\u00bb60px\u00bb][vc_empty_space height=\u00bb150x\u00bb][\/vc_column_inner][vc_column_inner][vc_empty_space height=\u00bb60x\u00bb][vc_single_image image=\u00bb21863&#8243; img_size=\u00bbmedium\u00bb alignment=\u00bbcenter\u00bb qode_css_animation=\u00bb\u00bb][\/vc_column_inner][vc_column_inner][\/vc_column_inner][\/vc_row_inner][\/vc_column][vc_column width=\u00bb2\/3&#8243;][vc_column_text] OLOSABA BASERRIA &nbsp; El caser\u00edo Olosaba Baserria, se encuentra en la peque\u00f1a poblaci\u00f3n de kortezubi (Bizkaia), en&#8230;<\/p>\n","protected":false},"author":1,"featured_media":0,"parent":0,"menu_order":0,"comment_status":"open","ping_status":"closed","template":"full_width.php","meta":{"_monsterinsights_skip_tracking":false,"_monsterinsights_sitenote_active":false,"_monsterinsights_sitenote_note":"","_monsterinsights_sitenote_category":0,"footnotes":""},"class_list":["post-19153","page","type-page","status-publish","hentry"],"aioseo_notices":[],"_links":{"self":[{"href":"https:\/\/olosababaserria.es\/index.php?rest_route=\/wp\/v2\/pages\/19153","targetHints":{"allow":["GET"]}}],"collection":[{"href":"https:\/\/olosababaserria.es\/index.php?rest_route=\/wp\/v2\/pages"}],"about":[{"href":"https:\/\/olosababaserria.es\/index.php?rest_route=\/wp\/v2\/types\/page"}],"author":[{"embeddable":true,"href":"https:\/\/olosababaserria.es\/index.php?rest_route=\/wp\/v2\/users\/1"}],"replies":[{"embeddable":true,"href":"https:\/\/olosababaserria.es\/index.php?rest_route=%2Fwp%2Fv2%2Fcomments&post=19153"}],"version-history":[{"count":29,"href":"https:\/\/olosababaserria.es\/index.php?rest_route=\/wp\/v2\/pages\/19153\/revisions"}],"predecessor-version":[{"id":21890,"href":"https:\/\/olosababaserria.es\/index.php?rest_route=\/wp\/v2\/pages\/19153\/revisions\/21890"}],"wp:attachment":[{"href":"https:\/\/olosababaserria.es\/index.php?rest_route=%2Fwp%2Fv2%2Fmedia&parent=19153"}],"curies":[{"name":"wp","href":"https:\/\/api.w.org\/{rel}","templated":true}]}}