{"id":20631,"date":"2014-07-09T07:52:09","date_gmt":"2014-07-09T07:52:09","guid":{"rendered":"http:\/\/demo.select-themes.com\/stockholm2\/?page_id=20631"},"modified":"2021-11-05T18:15:11","modified_gmt":"2021-11-05T18:15:11","slug":"home-business","status":"publish","type":"page","link":"https:\/\/olosababaserria.es\/","title":{"rendered":"Inicio"},"content":{"rendered":"<div class=\"wpb-content-wrapper\"><p>[vc_row row_type=\u00bbrow\u00bb use_row_as_full_screen_section=\u00bbno\u00bb type=\u00bbfull_width\u00bb text_align=\u00bbcenter\u00bb background_animation=\u00bbnone\u00bb css_animation=\u00bb\u00bb background_color=\u00bb#ffffff\u00bb][vc_column][vc_row_inner row_type=\u00bbrow\u00bb type=\u00bbgrid\u00bb use_row_as_full_screen_section_slide=\u00bbno\u00bb text_align=\u00bbleft\u00bb padding_top=\u00bb70&#8243; padding_bottom=\u00bb65&#8243; css_animation=\u00bb\u00bb background_color=\u00bb#ffffff\u00bb][vc_column_inner][vc_column_text]<\/p>\n<h2>GANADER\u00cdA PROPIA Y VENTA DIRECTA DE CARNE<\/h2>\n<p>[\/vc_column_text][vc_separator type=\u00bbtransparent\u00bb border_style=\u00bb\u00bb up=\u00bb35&#8243; down=\u00bb0&#8243;][vc_column_text]<\/p>\n<h4>En Olosaba Baserria desde 2015 criamos exclusivamente ganado <strong>Limousin<\/strong> con\u00a0 <strong>carta geneal\u00f3gica<\/strong>. Reses criadas a capricho en nuestras tierras, aliment\u00e1ndose \u00fanicamente de pasto y pienso natural, libre de transg\u00e9nicos.<\/h4>\n<p>&nbsp;<\/p>\n<h4>Descubre de nuestra mano <strong>la mejor carne de ternera seleccionada<\/strong> y presente en algunos de los mejores restaurantes de la zona.<\/h4>\n<p>[\/vc_column_text][\/vc_column_inner][\/vc_row_inner][\/vc_column][\/vc_row][vc_row row_type=\u00bbrow\u00bb use_row_as_full_screen_section=\u00bbno\u00bb type=\u00bbfull_width\u00bb text_align=\u00bbleft\u00bb background_animation=\u00bbnone\u00bb css_animation=\u00bb\u00bb background_color=\u00bb#ffffff\u00bb][vc_column][vc_row_inner row_type=\u00bbrow\u00bb type=\u00bbgrid\u00bb use_row_as_full_screen_section_slide=\u00bbno\u00bb text_align=\u00bbleft\u00bb padding_top=\u00bb100&#8243; padding_bottom=\u00bb60&#8243; css_animation=\u00bb\u00bb background_color=\u00bb#ffffff\u00bb][vc_column_inner width=\u00bb1\/2&#8243;]<div class='q_icon_with_title   with_custom_icon'><div class=\"icon_holder q_icon_animation\" style=\" \"><div class=\"icon_holder_inner\"><img decoding=\"async\" width=\"100\" height=\"125\" src=\"https:\/\/olosababaserria.es\/wp-content\/uploads\/2021\/10\/carne-en-caja-4.jpg\" class=\"attachment-full size-full\" alt=\"\" \/><\/div><\/div><div class=\"icon_text_holder\" style=\"\"><div class=\"icon_text_inner\" style=\"\"><h5 class=\"icon_title\" style=\"\">Envasado al vac\u00edo<\/h5><p style=''>Todas nuestras carnes se envasan al vac\u00edo para mantener la frescura del producto y la temperatura \u00f3ptima. Igualmente, se entregan en una caja de cart\u00f3n protectora y amable con el medio ambiente.<\/p><\/div><\/div><\/div>[vc_separator type=\u00bbtransparent\u00bb border_style=\u00bb\u00bb up=\u00bb25&#8243; down=\u00bb0&#8243;]<div class='q_icon_with_title   with_custom_icon'><div class=\"icon_holder \" style=\" \"><div class=\"icon_holder_inner\"><img decoding=\"async\" width=\"100\" height=\"100\" src=\"https:\/\/olosababaserria.es\/wp-content\/uploads\/2021\/10\/transporte-frio.jpg\" class=\"attachment-full size-full\" alt=\"\" \/><\/div><\/div><div class=\"icon_text_holder\" style=\"\"><div class=\"icon_text_inner\" style=\"\"><h5 class=\"icon_title\" style=\"\">Transporte en frio<\/h5><p style=''>Conservamos la cadena de frio durante el transporte, para que el producto mantenga sus altos niveles de calidad.<\/p><\/div><\/div><\/div>[vc_separator type=\u00bbtransparent\u00bb border_style=\u00bb\u00bb up=\u00bb25&#8243; down=\u00bb0&#8243;]<div class='q_icon_with_title   with_custom_icon'><div class=\"icon_holder \" style=\" \"><div class=\"icon_holder_inner\"><img decoding=\"async\" width=\"100\" height=\"100\" src=\"https:\/\/olosababaserria.es\/wp-content\/uploads\/2021\/10\/vaca.jpg\" class=\"attachment-full size-full\" alt=\"\" \/><\/div><\/div><div class=\"icon_text_holder\" style=\"\"><div class=\"icon_text_inner\" style=\"\"><h5 class=\"icon_title\" style=\"\">Ganado certificado<\/h5><p style=''>Controlamos la trazabilidad de nuestras reses y las criamos y alimentamos en nuestras tierras<\/p><\/div><\/div><\/div>[vc_separator type=\u00bbtransparent\u00bb border_style=\u00bb\u00bb up=\u00bb40&#8243; down=\u00bb0&#8243;][\/vc_column_inner][vc_column_inner width=\u00bb1\/2&#8243;][vc_single_image image=\u00bb21712&#8243; img_size=\u00bbfull\u00bb alignment=\u00bbcenter\u00bb qode_css_animation=\u00bb\u00bb][\/vc_column_inner][\/vc_row_inner][\/vc_column][\/vc_row][vc_row row_type=\u00bbrow\u00bb use_row_as_full_screen_section=\u00bbno\u00bb type=\u00bbfull_width\u00bb text_align=\u00bbleft\u00bb background_animation=\u00bbnone\u00bb css_animation=\u00bb\u00bb css=\u00bb.vc_custom_1634829757441{margin-top: 0px !important;margin-right: 0px !important;margin-bottom: 0px !important;margin-left: 0px !important;border-top-width: 0px !important;border-right-width: 0px !important;border-bottom-width: 0px !important;border-left-width: 0px !important;padding-top: 0px !important;padding-right: 0px !important;padding-bottom: 0px !important;padding-left: 0px !important;}\u00bb][vc_column][vc_row_inner row_type=\u00bbrow\u00bb type=\u00bbfull_width\u00bb use_row_as_full_screen_section_slide=\u00bbno\u00bb text_align=\u00bbleft\u00bb css_animation=\u00bb\u00bb][vc_column_inner width=\u00bb1\/5&#8243; css=\u00bb.vc_custom_1634829818438{margin-top: 0px !important;margin-right: 0px !important;margin-bottom: 0px !important;margin-left: 0px !important;border-top-width: 0px !important;border-right-width: 0px !important;border-bottom-width: 0px !important;border-left-width: 0px !important;padding-top: 0px !important;padding-right: 0px !important;padding-bottom: 0px !important;padding-left: 0px !important;}\u00bb]<div class='image_hover ' style='' data-transition-delay=''><div class='images_holder'><a href='https:\/\/olosababaserria.es\/?page_id=19080' target='_self'><img class='active_image ' src='https:\/\/olosababaserria.es\/wp-content\/uploads\/2021\/11\/carne-picada-indice2.jpg' alt='' style='' \/><img class='hover_image' src='https:\/\/olosababaserria.es\/wp-content\/uploads\/2013\/10\/carne-picada-indice.jpg' alt='' style='' \/><\/a><\/div><\/div>[\/vc_column_inner][vc_column_inner width=\u00bb1\/5&#8243; css=\u00bb.vc_custom_1634829831804{margin-top: 0px !important;margin-right: 0px !important;margin-bottom: 0px !important;margin-left: 0px !important;border-top-width: 0px !important;border-right-width: 0px !important;border-bottom-width: 0px !important;border-left-width: 0px !important;padding-top: 0px !important;padding-right: 0px !important;padding-bottom: 0px !important;padding-left: 0px !important;}\u00bb]<div class='image_hover ' style='' data-transition-delay=''><div class='images_holder'><a href='https:\/\/olosababaserria.es\/?page_id=19080' target='_self'><img class='active_image ' src='https:\/\/olosababaserria.es\/wp-content\/uploads\/2021\/11\/txurrasko-1.jpg' alt='carne olosaba baserria' style='' \/><img class='hover_image' src='https:\/\/olosababaserria.es\/wp-content\/uploads\/2021\/10\/txurrasko-2.jpg' alt='' style='' \/><\/a><\/div><\/div>[\/vc_column_inner][vc_column_inner width=\u00bb1\/5&#8243; css=\u00bb.vc_custom_1634831739930{margin-top: 0px !important;margin-right: 0px !important;margin-bottom: 0px !important;margin-left: 0px !important;border-top-width: 0px !important;border-right-width: 0px !important;border-bottom-width: 0px !important;border-left-width: 0px !important;padding-top: 0px !important;padding-right: 0px !important;padding-bottom: 0px !important;padding-left: 0px !important;}\u00bb]<div class='image_hover ' style='' data-transition-delay=''><div class='images_holder'><a href='https:\/\/olosababaserria.es\/?page_id=19080' target='_self'><img class='active_image ' src='https:\/\/olosababaserria.es\/wp-content\/uploads\/2021\/11\/guisar-1.jpg' alt='' style='' \/><img class='hover_image' src='https:\/\/olosababaserria.es\/wp-content\/uploads\/2021\/10\/guisar2.jpg' alt='' style='' \/><\/a><\/div><\/div>[\/vc_column_inner][vc_column_inner width=\u00bb1\/5&#8243; css=\u00bb.vc_custom_1634831763617{margin-top: 0px !important;margin-right: 0px !important;margin-bottom: 0px !important;margin-left: 0px !important;border-top-width: 0px !important;border-right-width: 0px !important;border-bottom-width: 0px !important;border-left-width: 0px !important;padding-top: 0px !important;padding-right: 0px !important;padding-bottom: 0px !important;padding-left: 0px !important;}\u00bb]<div class='image_hover ' style='' data-transition-delay=''><div class='images_holder'><a href='https:\/\/olosababaserria.es\/?page_id=19080' target='_self'><img class='active_image ' src='https:\/\/olosababaserria.es\/wp-content\/uploads\/2021\/11\/chuleta-1.jpg' alt='' style='' \/><img class='hover_image' src='https:\/\/olosababaserria.es\/wp-content\/uploads\/2021\/10\/chuleta-2.jpg' alt='' style='' \/><\/a><\/div><\/div>[\/vc_column_inner][vc_column_inner width=\u00bb1\/5&#8243; css=\u00bb.vc_custom_1634831781312{margin-top: 0px !important;margin-right: 0px !important;margin-bottom: 0px !important;margin-left: 0px !important;border-top-width: 0px !important;border-right-width: 0px !important;border-bottom-width: 0px !important;border-left-width: 0px !important;padding-top: 0px !important;padding-right: 0px !important;padding-bottom: 0px !important;padding-left: 0px !important;}\u00bb]<div class='image_hover ' style='' data-transition-delay=''><div class='images_holder'><a href='https:\/\/olosababaserria.es\/?page_id=19080' target='_self'><img class='active_image ' src='https:\/\/olosababaserria.es\/wp-content\/uploads\/2021\/11\/zancarron1.jpg' alt='' style='' \/><img class='hover_image' src='https:\/\/olosababaserria.es\/wp-content\/uploads\/2021\/10\/zancarron2.jpg' alt='' style='' \/><\/a><\/div><\/div>[\/vc_column_inner][\/vc_row_inner][\/vc_column][\/vc_row][vc_row row_type=\u00bbrow\u00bb use_row_as_full_screen_section=\u00bbno\u00bb type=\u00bbfull_width\u00bb text_align=\u00bbleft\u00bb background_animation=\u00bbnone\u00bb css_animation=\u00bb\u00bb][vc_column]<div class=\"call_to_action normal\" style=\"background-color: #f5f5f5;\"><div class=\"container_inner\"><div class=\"two_columns_75_25 clearfix\"><div class=\"text_wrapper column1\"><div class=\"call_to_action_text\" style=\"\"><\/p>\n<h4>Est\u00e1s interesad@ en comprar alguno de nuestros productos?<\/h4>\n<p><\/div><\/div><div class=\"button_wrapper column2\"><a href=\"https:\/\/olosababaserria.es\/?page_id=18918\" class=\"qbutton large\" target=\"_self\" style=\"color:#ffffff;border-color:#393939;background-color: #393939;\" data-hover-background-color=#a7a6a6  data-hover-border-color=#a7a6a6  data-hover-color=#ffffff>LL\u00c1MANOS<\/a><\/div><\/div><\/div><\/div>[\/vc_column][\/vc_row][vc_row row_type=\u00bbrow\u00bb use_row_as_full_screen_section=\u00bbno\u00bb type=\u00bbfull_width\u00bb text_align=\u00bbleft\u00bb background_animation=\u00bbnone\u00bb css_animation=\u00bb\u00bb][vc_column][vc_empty_space height=\u00bb70px\u00bb][\/vc_column][\/vc_row][vc_row row_type=\u00bbrow\u00bb use_row_as_full_screen_section=\u00bbno\u00bb type=\u00bbfull_width\u00bb text_align=\u00bbleft\u00bb background_animation=\u00bbnone\u00bb css_animation=\u00bb\u00bb background_color=\u00bb#ffffff\u00bb][vc_column][vc_row_inner row_type=\u00bbrow\u00bb type=\u00bbgrid\u00bb use_row_as_full_screen_section_slide=\u00bbno\u00bb text_align=\u00bbleft\u00bb padding_top=\u00bb85&#8243; padding_bottom=\u00bb55&#8243; css_animation=\u00bb\u00bb background_color=\u00bb#ffffff\u00bb][vc_column_inner width=\u00bb1\/3&#8243;][vc_single_image image=\u00bb21902&#8243; alignment=\u00bbcenter\u00bb qode_css_animation=\u00bb\u00bb][vc_empty_space height=\u00bb25px\u00bb][vc_column_text]<\/p>\n<h5 style=\"text-align: center;\">\u00bb GANADER\u00cdA EN EXTENSIVO \u00ab<\/h5>\n<p>[\/vc_column_text][vc_separator type=\u00bbtransparent\u00bb border_style=\u00bb\u00bb up=\u00bb17&#8243; down=\u00bb0&#8243;][vc_column_text]<\/p>\n<p style=\"text-align: left;\"><strong>Las vacas pastan libremente durante gran parte del a\u00f1o en nuestras propias tierras,<\/strong> y cuando est\u00e1n estabuladas, consumen forraje y piensos completamente naturales.<\/p>\n<p>[\/vc_column_text][vc_separator type=\u00bbtransparent\u00bb border_style=\u00bb\u00bb up=\u00bb40&#8243; down=\u00bb0&#8243;][\/vc_column_inner][vc_column_inner width=\u00bb1\/3&#8243;][vc_single_image image=\u00bb21906&#8243; alignment=\u00bbcenter\u00bb qode_css_animation=\u00bb\u00bb][vc_empty_space height=\u00bb25px\u00bb][vc_column_text]<\/p>\n<h5 style=\"text-align: center;\">\u00bb LOTES A MEDIDA\u00bb<\/h5>\n<p>[\/vc_column_text][vc_separator type=\u00bbtransparent\u00bb border_style=\u00bb\u00bb up=\u00bb17&#8243; down=\u00bb0&#8243;][vc_column_text]<\/p>\n<p style=\"text-align: left;\"><strong>Lotes de carne a la medida de tus necesidades.<\/strong><\/p>\n<ol>\n<li style=\"text-align: left;\">T\u00fa eliges el producto<\/li>\n<li style=\"text-align: left;\">T\u00fa nos dices cuanta cantidad necesitas.<\/li>\n<li style=\"text-align: left;\">T\u00fa decides si quieres venir a buscarlo o prefieres que lo enviemos.<\/li>\n<\/ol>\n<p>[\/vc_column_text][vc_separator type=\u00bbtransparent\u00bb border_style=\u00bb\u00bb up=\u00bb40&#8243; down=\u00bb0&#8243;][\/vc_column_inner][vc_column_inner width=\u00bb1\/3&#8243;][vc_single_image image=\u00bb21903&#8243; alignment=\u00bbcenter\u00bb qode_css_animation=\u00bb\u00bb][vc_empty_space height=\u00bb25px\u00bb][vc_column_text]<\/p>\n<h5 style=\"text-align: center;\">\u00bb VENTA DIRECTA\u00bb<\/h5>\n<p>[\/vc_column_text][vc_separator type=\u00bbtransparent\u00bb border_style=\u00bb\u00bb up=\u00bb17&#8243; down=\u00bb0&#8243;][vc_column_text]En Olosaba Baserria no usamos intermediarios, criamos el ganado en nuestros pastos y vendemos la carne directamente. <strong>\u00abDel caser\u00edo a tu mesa\u00bb<\/strong>[\/vc_column_text][vc_separator type=\u00bbtransparent\u00bb border_style=\u00bb\u00bb up=\u00bb40&#8243; down=\u00bb0&#8243;][\/vc_column_inner][\/vc_row_inner][\/vc_column][\/vc_row][vc_row row_type=\u00bbrow\u00bb use_row_as_full_screen_section=\u00bbno\u00bb type=\u00bbfull_width\u00bb text_align=\u00bbleft\u00bb background_animation=\u00bbnone\u00bb css_animation=\u00bb\u00bb background_color=\u00bb#ffffff\u00bb][vc_column][\/vc_column][\/vc_row][vc_row row_type=\u00bbrow\u00bb use_row_as_full_screen_section=\u00bbno\u00bb type=\u00bbfull_width\u00bb text_align=\u00bbleft\u00bb background_animation=\u00bbnone\u00bb css_animation=\u00bb\u00bb background_color=\u00bb#f8f8f8&#8243;][vc_column][vc_row_inner row_type=\u00bbrow\u00bb type=\u00bbgrid\u00bb use_row_as_full_screen_section_slide=\u00bbno\u00bb text_align=\u00bbleft\u00bb padding_top=\u00bb55&#8243; css_animation=\u00bb\u00bb][vc_column_inner width=\u00bb1\/3&#8243;][vc_single_image image=\u00bb21741&#8243; img_size=\u00bbfull\u00bb qode_css_animation=\u00bb\u00bb][\/vc_column_inner][vc_column_inner width=\u00bb2\/3&#8243;][vc_separator type=\u00bbtransparent\u00bb border_style=\u00bb\u00bb up=\u00bb15&#8243; down=\u00bb0&#8243;][vc_column_text]<\/p>\n<h2>TIENES ALGUNA DUDA?<\/h2>\n<p>[\/vc_column_text][vc_separator type=\u00bbtransparent\u00bb border_style=\u00bb\u00bb up=\u00bb40&#8243; down=\u00bb0&#8243;][vc_column_text]\u00bfSabes qu\u00e9 tipo de carne o de lote es el m\u00e1s adecuado a tus necesidades?<\/p>\n<p>\u00bf tienes alguna duda con respecto a nuestro proceso de reparto?<\/p>\n<p>\u00bfNo estas seguro de cu\u00e1nta carne necesitas para ese evento tan especial que tienes en mente?<\/p>\n<p>LL\u00c1MANOS y cons\u00faltanos eso que te preocupa. Estaremos encantados de asesorarte y ayudarte sin ning\u00fan compromiso.<\/p>\n<p>&nbsp;<\/p>\n<p>[\/vc_column_text][vc_separator type=\u00bbtransparent\u00bb border_style=\u00bb\u00bb up=\u00bb60&#8243; down=\u00bb0&#8243;]<a href=\"#\" target=\"_self\"  class=\"qbutton  large\" style=\"\">CONTACTO<\/a>[vc_separator type=\u00bbtransparent\u00bb border_style=\u00bb\u00bb up=\u00bb60&#8243; down=\u00bb0&#8243;][\/vc_column_inner][\/vc_row_inner][\/vc_column][\/vc_row][vc_row row_type=\u00bbrow\u00bb use_row_as_full_screen_section=\u00bbno\u00bb type=\u00bbfull_width\u00bb text_align=\u00bbleft\u00bb background_animation=\u00bbnone\u00bb css_animation=\u00bb\u00bb][vc_column][\/vc_column][\/vc_row]<\/p>\n<\/div>","protected":false},"excerpt":{"rendered":"<p>[vc_row row_type=\u00bbrow\u00bb use_row_as_full_screen_section=\u00bbno\u00bb type=\u00bbfull_width\u00bb text_align=\u00bbcenter\u00bb background_animation=\u00bbnone\u00bb css_animation=\u00bb\u00bb background_color=\u00bb#ffffff\u00bb][vc_column][vc_row_inner row_type=\u00bbrow\u00bb type=\u00bbgrid\u00bb use_row_as_full_screen_section_slide=\u00bbno\u00bb text_align=\u00bbleft\u00bb padding_top=\u00bb70&#8243; padding_bottom=\u00bb65&#8243; css_animation=\u00bb\u00bb background_color=\u00bb#ffffff\u00bb][vc_column_inner][vc_column_text] GANADER\u00cdA PROPIA Y VENTA DIRECTA DE CARNE [\/vc_column_text][vc_separator type=\u00bbtransparent\u00bb border_style=\u00bb\u00bb up=\u00bb35&#8243; down=\u00bb0&#8243;][vc_column_text] En Olosaba Baserria desde 2015 criamos exclusivamente ganado Limousin con\u00a0 carta geneal\u00f3gica. Reses criadas a capricho en&#8230;<\/p>\n","protected":false},"author":1,"featured_media":0,"parent":0,"menu_order":0,"comment_status":"open","ping_status":"closed","template":"full_width.php","meta":{"_monsterinsights_skip_tracking":false,"_monsterinsights_sitenote_active":false,"_monsterinsights_sitenote_note":"","_monsterinsights_sitenote_category":0,"footnotes":""},"class_list":["post-20631","page","type-page","status-publish","hentry"],"aioseo_notices":[],"_links":{"self":[{"href":"https:\/\/olosababaserria.es\/index.php?rest_route=\/wp\/v2\/pages\/20631","targetHints":{"allow":["GET"]}}],"collection":[{"href":"https:\/\/olosababaserria.es\/index.php?rest_route=\/wp\/v2\/pages"}],"about":[{"href":"https:\/\/olosababaserria.es\/index.php?rest_route=\/wp\/v2\/types\/page"}],"author":[{"embeddable":true,"href":"https:\/\/olosababaserria.es\/index.php?rest_route=\/wp\/v2\/users\/1"}],"replies":[{"embeddable":true,"href":"https:\/\/olosababaserria.es\/index.php?rest_route=%2Fwp%2Fv2%2Fcomments&post=20631"}],"version-history":[{"count":38,"href":"https:\/\/olosababaserria.es\/index.php?rest_route=\/wp\/v2\/pages\/20631\/revisions"}],"predecessor-version":[{"id":21991,"href":"https:\/\/olosababaserria.es\/index.php?rest_route=\/wp\/v2\/pages\/20631\/revisions\/21991"}],"wp:attachment":[{"href":"https:\/\/olosababaserria.es\/index.php?rest_route=%2Fwp%2Fv2%2Fmedia&parent=20631"}],"curies":[{"name":"wp","href":"https:\/\/api.w.org\/{rel}","templated":true}]}}