{"id":21871,"date":"2021-10-25T18:15:31","date_gmt":"2021-10-25T18:15:31","guid":{"rendered":"https:\/\/olosababaserria.es\/?page_id=21871"},"modified":"2021-11-05T13:37:26","modified_gmt":"2021-11-05T13:37:26","slug":"nuestro-ganado","status":"publish","type":"page","link":"https:\/\/olosababaserria.es\/?page_id=21871","title":{"rendered":"Nuestro ganado"},"content":{"rendered":"<div class=\"wpb-content-wrapper\"><p>[vc_row row_type=\u00bbrow\u00bb use_row_as_full_screen_section=\u00bbno\u00bb type=\u00bbgrid\u00bb text_align=\u00bbleft\u00bb background_animation=\u00bbnone\u00bb css_animation=\u00bb\u00bb][vc_column][vc_empty_space height=\u00bb80px\u00bb][\/vc_column][\/vc_row][vc_row row_type=\u00bbrow\u00bb use_row_as_full_screen_section=\u00bbno\u00bb type=\u00bbgrid\u00bb text_align=\u00bbleft\u00bb background_animation=\u00bbnone\u00bb css_animation=\u00bb\u00bb background_color=\u00bb#ededed\u00bb][vc_column][vc_empty_space height=\u00bb10px\u00bb][vc_column_text]<\/p>\n<blockquote>\n<h2 style=\"text-align: center;\">GANADO LIMOUSIN<\/h2>\n<\/blockquote>\n<p>[\/vc_column_text][vc_empty_space height=\u00bb10px\u00bb][vc_column_text]<\/p>\n<h6 style=\"text-align: center;\"><strong>Novillas con carta geneal\u00f3gica y apuesta por la mejora gen\u00e9tica<\/strong><\/h6>\n<p>[\/vc_column_text][vc_empty_space][\/vc_column][\/vc_row][vc_row row_type=\u00bbrow\u00bb use_row_as_full_screen_section=\u00bbno\u00bb type=\u00bbfull_width\u00bb text_align=\u00bbleft\u00bb background_animation=\u00bbnone\u00bb padding_top=\u00bb100&#8243; padding_bottom=\u00bb60&#8243; css_animation=\u00bb\u00bb background_color=\u00bb#ffffff\u00bb][vc_column][vc_row_inner row_type=\u00bbrow\u00bb type=\u00bbgrid\u00bb use_row_as_full_screen_section_slide=\u00bbno\u00bb text_align=\u00bbleft\u00bb css_animation=\u00bb\u00bb][vc_column_inner width=\u00bb1\/2&#8243;][vc_separator type=\u00bbtransparent\u00bb border_style=\u00bb\u00bb up=\u00bb40&#8243; down=\u00bb0&#8243;][vc_empty_space height=\u00bb40px\u00bb][vc_video link=\u00bbhttps:\/\/youtu.be\/MF1D3GlPdno\u00bb][\/vc_column_inner][vc_column_inner width=\u00bb1\/2&#8243;][vc_separator type=\u00bbtransparent\u00bb border_style=\u00bb\u00bb up=\u00bb30&#8243; down=\u00bb0&#8243;][vc_column_text]<\/p>\n<p style=\"text-align: left;\">A partir de 2015 en Olosaba se realiza una reconversi\u00f3n a Limousin, adquiriendo novillas con carta geneal\u00f3gica para conseguir una alta calidad y apostando por la mejora gen\u00e9tica.<\/p>\n<p>Sabemos de la importancia de trabajar con las mejores reses, por eso utilizamos para inseminar a nuestras vacas, <strong>sementales provenientes del circuito de Francia,<\/strong> muy contrastados en cuanto a resultados.<\/p>\n<p>Volumen, anchura, buena musculatura y <strong>excelentes calidades maternales.<\/strong><\/p>\n<p>&nbsp;<\/p>\n<p>Estamos <strong>inscritos en la Federaci\u00f3n Espa\u00f1ola de Limousin<\/strong> y particimamos activamente en el programa de mejora gen\u00e9tica.<\/p>\n<p>&nbsp;<\/p>\n<p class=\"p1\">Origenes de nuestra vacas: Earl Arrouy \/ Earl Les Hauts de Ligoure\/ Gaec Deconchat-Faure \/ Elevage Bros \/ Elevage Chouzenoux, etc.<\/p>\n<p>&nbsp;<\/p>\n<p class=\"p1\"><strong>Mantenemos altos est\u00e1ndares sanitarios,\u00a0 con pruebas sanitarias anuales:<\/strong> Tubercolis, Brucelosis, Perineumonia, Leucosis, Paratubercolis, IBR,<span class=\"Apple-converted-space\">\u00a0 <\/span>BVD y Neosporas<\/p>\n<p>[\/vc_column_text][vc_separator type=\u00bbtransparent\u00bb border_style=\u00bb\u00bb up=\u00bb39&#8243; down=\u00bb0&#8243;][\/vc_column_inner][\/vc_row_inner][vc_empty_space height=\u00bb75px\u00bb][\/vc_column][\/vc_row][vc_row row_type=\u00bbrow\u00bb use_row_as_full_screen_section=\u00bbno\u00bb type=\u00bbfull_width\u00bb text_align=\u00bbleft\u00bb background_image=\u00bb21879&#8243; background_animation=\u00bbnone\u00bb padding_top=\u00bb100&#8243; padding_bottom=\u00bb60&#8243; css_animation=\u00bb\u00bb background_color=\u00bb#f5f5f5&#8243;][vc_column][vc_row_inner row_type=\u00bbrow\u00bb type=\u00bbgrid\u00bb use_row_as_full_screen_section_slide=\u00bbno\u00bb text_align=\u00bbcenter\u00bb css_animation=\u00bb\u00bb][vc_column_inner]<span class=\"fa-stack q_icon_shortcode circle q_font_awsome_icon_holder q_font_awsome_icon_circle fa-lg pull-center \" style=\"color: #91ba39;font-size: 40px; \"><i class=\"fa fa-slack\"><\/i><\/span>[vc_column_text]<\/p>\n<h3 style=\"text-align: center;\"><span style=\"color: #99cc00;\">\u00bb Utilizamos los mejores sementales\u00a0 \u00ab<\/span><\/h3>\n<p>[\/vc_column_text][vc_empty_space height=\u00bb45px\u00bb][\/vc_column_inner][\/vc_row_inner][\/vc_column][\/vc_row][vc_row row_type=\u00bbrow\u00bb use_row_as_full_screen_section=\u00bbno\u00bb type=\u00bbgrid\u00bb text_align=\u00bbleft\u00bb background_animation=\u00bbnone\u00bb padding_top=\u00bb100&#8243; padding_bottom=\u00bb60&#8243; css_animation=\u00bb\u00bb background_color=\u00bb#f5f5f5&#8243;][vc_column][vc_row_inner row_type=\u00bbrow\u00bb type=\u00bbfull_width\u00bb use_row_as_full_screen_section_slide=\u00bbno\u00bb text_align=\u00bbleft\u00bb css_animation=\u00bb\u00bb][vc_column_inner width=\u00bb1\/3&#8243;][vc_single_image image=\u00bb21881&#8243; img_size=\u00bblarge\u00bb alignment=\u00bbcenter\u00bb qode_css_animation=\u00bb\u00bb][vc_empty_space height=\u00bb25px\u00bb][vc_column_text]<\/p>\n<h6 style=\"text-align: center;\">\u00abHercule MN\u00bb<\/h6>\n<p>[\/vc_column_text][\/vc_column_inner][vc_column_inner width=\u00bb1\/3&#8243;][vc_single_image image=\u00bb21882&#8243; img_size=\u00bblarge\u00bb alignment=\u00bbcenter\u00bb qode_css_animation=\u00bb\u00bb][vc_empty_space height=\u00bb25px\u00bb][vc_column_text]<\/p>\n<h6 style=\"text-align: center;\">\u00abFuschia RRE VS\u00bb<\/h6>\n<p>[\/vc_column_text][\/vc_column_inner][vc_column_inner width=\u00bb1\/3&#8243;][vc_single_image image=\u00bb21883&#8243; img_size=\u00bblarge\u00bb alignment=\u00bbcenter\u00bb qode_css_animation=\u00bb\u00bb][vc_empty_space height=\u00bb25px\u00bb][vc_column_text]<\/p>\n<h6 style=\"text-align: center;\">\u00abBresil MN\u00bb<\/h6>\n<p>[\/vc_column_text][\/vc_column_inner][\/vc_row_inner][\/vc_column][\/vc_row][vc_row row_type=\u00bbrow\u00bb use_row_as_full_screen_section=\u00bbno\u00bb type=\u00bbfull_width\u00bb text_align=\u00bbcenter\u00bb background_animation=\u00bbnone\u00bb css_animation=\u00bb\u00bb][vc_column]<div class=\"call_to_action normal\" style=\"\"><div class=\"container_inner\"><div class=\"two_columns_75_25 clearfix\"><div class=\"text_wrapper column1\"><div class=\"call_to_action_text\" style=\"\"><\/p>\n<p style=\"text-align: center;\">\u00bfEst\u00e1s interesado en incorporar una de nuestras reses de cria para mejorar\u00a0 tu ganader\u00eda?<\/p>\n<p><\/div><\/div><div class=\"button_wrapper column2\"><a href=\"https:\/\/olosababaserria.es\/?page_id=18918\" class=\"qbutton \" target=\"_self\" style=\"\">LL\u00c1MANOS<\/a><\/div><\/div><\/div><\/div>[\/vc_column][\/vc_row][vc_row row_type=\u00bbrow\u00bb use_row_as_full_screen_section=\u00bbno\u00bb type=\u00bbfull_width\u00bb text_align=\u00bbleft\u00bb background_animation=\u00bbnone\u00bb css_animation=\u00bb\u00bb][vc_column][vc_empty_space height=\u00bb60px\u00bb][vc_empty_space height=\u00bb30px\u00bb][\/vc_column][\/vc_row]<\/p>\n<\/div>","protected":false},"excerpt":{"rendered":"<p>[vc_row row_type=\u00bbrow\u00bb use_row_as_full_screen_section=\u00bbno\u00bb type=\u00bbgrid\u00bb text_align=\u00bbleft\u00bb background_animation=\u00bbnone\u00bb css_animation=\u00bb\u00bb][vc_column][vc_empty_space height=\u00bb80px\u00bb][\/vc_column][\/vc_row][vc_row row_type=\u00bbrow\u00bb use_row_as_full_screen_section=\u00bbno\u00bb type=\u00bbgrid\u00bb text_align=\u00bbleft\u00bb background_animation=\u00bbnone\u00bb css_animation=\u00bb\u00bb background_color=\u00bb#ededed\u00bb][vc_column][vc_empty_space height=\u00bb10px\u00bb][vc_column_text] GANADO LIMOUSIN [\/vc_column_text][vc_empty_space height=\u00bb10px\u00bb][vc_column_text] Novillas con carta geneal\u00f3gica y apuesta por la mejora gen\u00e9tica [\/vc_column_text][vc_empty_space][\/vc_column][\/vc_row][vc_row row_type=\u00bbrow\u00bb use_row_as_full_screen_section=\u00bbno\u00bb type=\u00bbfull_width\u00bb text_align=\u00bbleft\u00bb background_animation=\u00bbnone\u00bb padding_top=\u00bb100&#8243; padding_bottom=\u00bb60&#8243; css_animation=\u00bb\u00bb background_color=\u00bb#ffffff\u00bb][vc_column][vc_row_inner row_type=\u00bbrow\u00bb type=\u00bbgrid\u00bb use_row_as_full_screen_section_slide=\u00bbno\u00bb text_align=\u00bbleft\u00bb css_animation=\u00bb\u00bb][vc_column_inner&#8230;<\/p>\n","protected":false},"author":1,"featured_media":0,"parent":0,"menu_order":0,"comment_status":"open","ping_status":"closed","template":"full_width.php","meta":{"_monsterinsights_skip_tracking":false,"_monsterinsights_sitenote_active":false,"_monsterinsights_sitenote_note":"","_monsterinsights_sitenote_category":0,"footnotes":""},"class_list":["post-21871","page","type-page","status-publish","hentry"],"aioseo_notices":[],"_links":{"self":[{"href":"https:\/\/olosababaserria.es\/index.php?rest_route=\/wp\/v2\/pages\/21871","targetHints":{"allow":["GET"]}}],"collection":[{"href":"https:\/\/olosababaserria.es\/index.php?rest_route=\/wp\/v2\/pages"}],"about":[{"href":"https:\/\/olosababaserria.es\/index.php?rest_route=\/wp\/v2\/types\/page"}],"author":[{"embeddable":true,"href":"https:\/\/olosababaserria.es\/index.php?rest_route=\/wp\/v2\/users\/1"}],"replies":[{"embeddable":true,"href":"https:\/\/olosababaserria.es\/index.php?rest_route=%2Fwp%2Fv2%2Fcomments&post=21871"}],"version-history":[{"count":10,"href":"https:\/\/olosababaserria.es\/index.php?rest_route=\/wp\/v2\/pages\/21871\/revisions"}],"predecessor-version":[{"id":21979,"href":"https:\/\/olosababaserria.es\/index.php?rest_route=\/wp\/v2\/pages\/21871\/revisions\/21979"}],"wp:attachment":[{"href":"https:\/\/olosababaserria.es\/index.php?rest_route=%2Fwp%2Fv2%2Fmedia&parent=21871"}],"curies":[{"name":"wp","href":"https:\/\/api.w.org\/{rel}","templated":true}]}}