{"id":21962,"date":"2021-10-29T09:37:02","date_gmt":"2021-10-29T09:37:02","guid":{"rendered":"https:\/\/olosababaserria.es\/?page_id=21962"},"modified":"2021-10-29T11:10:09","modified_gmt":"2021-10-29T11:10:09","slug":"politica-de-cookies","status":"publish","type":"page","link":"https:\/\/olosababaserria.es\/?page_id=21962","title":{"rendered":"Pol\u00edtica de cookies"},"content":{"rendered":"\n<p><\/p>\n\n\n\n<h2 class=\"wp-block-heading\"><span style=\"color:#81a102\" class=\"has-inline-color\">POL\u00cdTICA DE COOKIES<\/span><\/h2>\n\n\n\n<hr class=\"wp-block-separator\"\/>\n\n\n\n<p><\/p>\n\n\n\n<div style=\"height:70px\" aria-hidden=\"true\" class=\"wp-block-spacer\"><\/div>\n\n\n\n<h3 class=\"wp-block-heading\">\u00bfQu\u00e9 es una cookie?<\/h3>\n\n\n\n<p>Una cookie es un archivo de texto que se almacena en el ordenador o dispositivo m\u00f3vil mediante un servidor Web y tan solo ese servidor ser\u00e1 capaz de recuperar o leer el contenido de la cookie y permiten al Sitio Web recordar preferencias de navegaci\u00f3n y navegar de manera eficiente. Las cookies hacen la interacci\u00f3n entre el usuario y el sitio Web m\u00e1s r\u00e1pida y f\u00e1cil.<\/p>\n\n\n\n<h3 class=\"wp-block-heading\">Informaci\u00f3n general<\/h3>\n\n\n\n<p>Esta p\u00e1gina web utiliza cookies. Las cookies son peque\u00f1os archivos de texto generados por las p\u00e1ginas web que visitas y que contienen los datos de sesi\u00f3n que pueden ser de utilidad m\u00e1s adelante en la p\u00e1gina web. De esta forma esta web recuerda informaci\u00f3n sobre tu visita y facilita la pr\u00f3xima haciendo que el sitio web te resulte m\u00e1s \u00fatil.<\/p>\n\n\n\n<h3 class=\"wp-block-heading\">\u00bfC\u00f3mo funcionan las cookies?<\/h3>\n\n\n\n<p>Las cookies s\u00f3lo pueden almacenar texto, por lo general siempre es an\u00f3nimo y cifrado. No se almacenar\u00e1 informaci\u00f3n personal alguna en una cookie, ni puede asociarse a persona identificada o identificable.<\/p>\n\n\n\n<p>Los datos permiten que esta web pueda mantener tu informaci\u00f3n entre las p\u00e1ginas, y tambi\u00e9n para analizar la forma de interactuar con el sitio web. Las cookies son seguras ya que s\u00f3lo pueden almacenar la informaci\u00f3n que se puso en su lugar por el navegador, lo que es informaci\u00f3n que el usuario ha introducido en el navegador o la que se incluye en la solicitud de p\u00e1gina. No se puede ejecutar el c\u00f3digo y no se puede utilizar para acceder a tu equipo. Si una p\u00e1gina web encripta la informaci\u00f3n de la cookie, s\u00f3lo la p\u00e1gina web puede leer la informaci\u00f3n.<\/p>\n\n\n\n<h3 class=\"wp-block-heading\">\u00bfQu\u00e9 tipos de cookies utilizamos?<\/h3>\n\n\n\n<p>Las cookies que utiliza esta p\u00e1gina web se pueden distinguir seg\u00fan los siguientes criterios:<\/p>\n\n\n\n<h4 class=\"wp-block-heading\">A) TIPOS DE COOKIES SEG\u00daN LA ENTIDAD QUE LAS GESTIONA:<\/h4>\n\n\n\n<p>Seg\u00fan quien sea la entidad que gestione el equipo o dominio desde donde se env\u00edan las cookies y trate los datos que se obtengan, podemos distinguir:<\/p>\n\n\n\n<ul class=\"wp-block-list\"><li><strong>Cookies propias:<\/strong>&nbsp;son aqu\u00e9llas que se env\u00edan al equipo terminal del usuario desde un equipo o dominio gestionado por el propio editor y desde el que se presta el servicio solicitado por el usuario.<\/li><li><strong>Cookies de terceros:<\/strong>&nbsp;son aqu\u00e9llas que se env\u00edan al equipo terminal del usuario desde un equipo o dominio que no es gestionado por el editor, sino por otra entidad que trata los datos obtenidos trav\u00e9s de las cookies.<\/li><\/ul>\n\n\n\n<p>En el caso de que las cookies sean instaladas desde un equipo o dominio gestionado por el propio editor pero la informaci\u00f3n que se recoja mediante \u00e9stas sea gestionada por un tercero, no pueden ser consideradas como cookies propias.<\/p>\n\n\n\n<h4 class=\"wp-block-heading\">B) TIPOS DE COOKIES SEG\u00daN EL PLAZO DE TIEMPO QUE PERMANECEN ACTIVADAS:<\/h4>\n\n\n\n<p>Seg\u00fan el plazo de tiempo que permanecen activadas en el equipo terminal podemos distinguir:<\/p>\n\n\n\n<ul class=\"wp-block-list\"><li><strong>Cookies de sesi\u00f3n:<\/strong>&nbsp;son un tipo de cookies dise\u00f1adas para recabar y almacenar datos mientras el usuario accede a una p\u00e1gina web. Se suelen emplear para almacenar informaci\u00f3n que solo interesa conservar para la prestaci\u00f3n del servicio solicitado por el usuario en una sola ocasi\u00f3n (p.e. una lista de productos adquiridos).<\/li><li><strong>Cookies persistentes:<\/strong>&nbsp;son un tipo de cookies en el que los datos siguen almacenados en el terminal y pueden ser accedidos y tratados durante un periodo definido por el responsable de la cookie, y que puede ir de unos minutos a varios a\u00f1os.<\/li><\/ul>\n\n\n\n<h4 class=\"wp-block-heading\">C) TIPOS DE COOKIES SEG\u00daN SU FINALIDAD:<\/h4>\n\n\n\n<p>Seg\u00fan la finalidad para la que se traten los datos obtenidos a trav\u00e9s de las cookies, podemos distinguir entre:<\/p>\n\n\n\n<ul class=\"wp-block-list\"><li><strong>Cookies t\u00e9cnicas:<\/strong>&nbsp;son aqu\u00e9llas que permiten al usuario la navegaci\u00f3n a trav\u00e9s de una p\u00e1gina web, plataforma o aplicaci\u00f3n y la utilizaci\u00f3n de las diferentes opciones o servicios que en ella existan como, por ejemplo, controlar el tr\u00e1fico y la comunicaci\u00f3n de datos, identificar la sesi\u00f3n, acceder a partes de acceso restringido, recordar los elementos que integran un pedido, realizar el proceso de compra de un pedido, realizar la solicitud de inscripci\u00f3n o participaci\u00f3n en un evento, utilizar elementos de seguridad durante la navegaci\u00f3n, almacenar contenidos para la difusi\u00f3n de videos o sonido o compartir contenidos a trav\u00e9s de redes sociales.<\/li><\/ul>\n\n\n\n<ul class=\"wp-block-list\"><li><strong>Cookies de personalizaci\u00f3n:<\/strong>\u00a0son aqu\u00e9llas que permiten al usuario acceder al servicio con algunas caracter\u00edsticas de car\u00e1cter general predefinidas en funci\u00f3n de una serie de criterios en el terminal del usuario como por ejemplo ser\u00edan el idioma, el tipo de navegador a trav\u00e9s del cual accedes al servicio, la configuraci\u00f3n regional desde donde accedes al servicio, etc.<\/li><li><strong>Cookies de an\u00e1lisis:<\/strong>\u00a0son aqu\u00e9llas que permiten al responsable de las mismas, el seguimiento y an\u00e1lisis del comportamiento de los usuarios de los sitios web a los que est\u00e1n vinculadas. La informaci\u00f3n recogida mediante este tipo de cookies se utiliza en la medici\u00f3n de la actividad de los sitios web, aplicaci\u00f3n o plataforma y para la elaboraci\u00f3n de perfiles de navegaci\u00f3n de los usuarios de dichos sitios, aplicaciones y plataformas, con el fin de introducir mejoras en funci\u00f3n del an\u00e1lisis de los datos de uso que hacen los usuarios del servicio.<\/li><\/ul>\n\n\n\n<div style=\"height:50px\" aria-hidden=\"true\" class=\"wp-block-spacer\"><\/div>\n\n\n\n<h4 class=\"wp-block-heading\">COOKIES UTILIZADAS EN ESTA P\u00c1GINA WEB<\/h4>\n\n\n\n<div style=\"height:29px\" aria-hidden=\"true\" class=\"wp-block-spacer\"><\/div>\n\n\n\n<figure class=\"wp-block-table\"><table><tbody><tr><\/tr><tr><td class=\"has-text-align-left\" data-align=\"left\">presence<\/td><td>C%7B%22t3%22%3A%5B%5D%2C%22utc3%22%3A1635495608752%2C%22v%22%3A1%7D<\/td><td>.facebook.com<\/td><td>\/<\/td><td>Session<\/td><td>75<\/td><td><\/td><td>\u2713<\/td><td><\/td><td><\/td><td>Medium<\/td><td><\/td><\/tr><tr><td class=\"has-text-align-left\" data-align=\"left\">xs<\/td><td>8%3ALmbRwziueY7Dfw%3A2%3A1635355143%3A-1%3A16002%3A%3AAcX7AR9HCXDwzi1tG_mfAd5ged4ZswlyPA-mXERFtA<\/td><td>.facebook.com<\/td><td>\/<\/td><td>2022-10-29T07:59:14.609Z<\/td><td>98<\/td><td>\u2713<\/td><td>\u2713<\/td><td>None<\/td><td><\/td><td>Medium<\/td><td><\/td><\/tr><tr><td class=\"has-text-align-left\" data-align=\"left\">wd<\/td><td>1871&#215;1222<\/td><td>.facebook.com<\/td><td>\/<\/td><td>2021-11-03T17:18:55.000Z<\/td><td>11<\/td><td><\/td><td>\u2713<\/td><td>Lax<\/td><td><\/td><td>Medium<\/td><td><\/td><\/tr><tr><td class=\"has-text-align-left\" data-align=\"left\">wp-settings-time-1<\/td><td>1635443195<\/td><td>rotunet.net<\/td><td>\/desarrollo\/<\/td><td>2022-10-28T18:41:59.000Z<\/td><td>28<\/td><td><\/td><td>\u2713<\/td><td><\/td><td><\/td><td>Medium<\/td><td><\/td><\/tr><tr><td class=\"has-text-align-left\" data-align=\"left\">usida<\/td><td>eyJ2ZXIiOjEsImlkIjoiQXIxbmE2MjFjODBiMXIiLCJ0aW1lIjoxNjM1MzUyNzcwfQ%3D%3D<\/td><td>.facebook.com<\/td><td>\/<\/td><td>Session<\/td><td>77<\/td><td><\/td><td>\u2713<\/td><td>None<\/td><td><\/td><td>Medium<\/td><td><\/td><\/tr><tr><td class=\"has-text-align-left\" data-align=\"left\">sb<\/td><td>_T15YTVyk3akku4kEBndAN3t<\/td><td>.facebook.com<\/td><td>\/<\/td><td>2023-10-27T17:19:05.664Z<\/td><td>26<\/td><td>\u2713<\/td><td>\u2713<\/td><td>None<\/td><td><\/td><td>Medium<\/td><td><\/td><\/tr><tr><td class=\"has-text-align-left\" data-align=\"left\">datr<\/td><td>Xel3Yf4arlV8KgFYDSeo8Ilg<\/td><td>.facebook.com<\/td><td>\/<\/td><td>2023-10-27T11:54:38.647Z<\/td><td>28<\/td><td>\u2713<\/td><td>\u2713<\/td><td>None<\/td><td><\/td><td>Medium<\/td><td><\/td><\/tr><tr><td class=\"has-text-align-left\" data-align=\"left\">c_user<\/td><td>100001172564676<\/td><td>.facebook.com<\/td><td>\/<\/td><td>2022-10-29T07:59:14.609Z<\/td><td>21<\/td><td><\/td><td>\u2713<\/td><td>None<\/td><td><\/td><td>Medium<\/td><td><\/td><\/tr><tr><td class=\"has-text-align-left\" data-align=\"left\">locale<\/td><td>es_LA<\/td><td>.facebook.com<\/td><td>\/<\/td><td>2021-11-03T17:18:15.027Z<\/td><td>11<\/td><td><\/td><td>\u2713<\/td><td>None<\/td><td><\/td><td>Medium<\/td><td><\/td><\/tr><tr><td class=\"has-text-align-left\" data-align=\"left\">wordpress_sec_e22a98653f341121c097c63c996b4a5d<\/td><td>Rotunet%7C1636368406%7CKyVTXVdrfwRKnTyuAZ5lFljPtgkSzQFDbLXumaf7U7u%7C30d860084fe50d018c15607dcd89e76ad6aac586a27aef0208a6f64a82210508<\/td><td>rotunet.net<\/td><td>\/desarrollo\/wp-content\/plugins<\/td><td>2021-11-08T22:46:47.141Z<\/td><td>179<\/td><td>\u2713<\/td><td>\u2713<\/td><td><\/td><td><\/td><td>Medium<\/td><td><\/td><\/tr><tr><td class=\"has-text-align-left\" data-align=\"left\">oo<\/td><td>v1<\/td><td>.facebook.com<\/td><td>\/<\/td><td>2026-11-02T17:19:06.054Z<\/td><td>4<\/td><td>\u2713<\/td><td>\u2713<\/td><td>None<\/td><td><\/td><td>Medium<\/td><td><\/td><\/tr><tr><td class=\"has-text-align-left\" data-align=\"left\">wp-settings-1<\/td><td>libraryContent%3Dbrowse%26editor%3Dtinymce%26edit_element_vcUIPanelWidth%3D650%26edit_element_vcUIPanelLeft%3D1026px%26edit_element_vcUIPanelTop%3D74px%26hidetb%3D1%26posts_list_mode%3Dlist<\/td><td>rotunet.net<\/td><td>\/desarrollo\/<\/td><td>2022-10-28T18:41:59.000Z<\/td><td>202<\/td><td><\/td><td>\u2713<\/td><td><\/td><td><\/td><td>Medium<\/td><td><\/td><\/tr><tr><td class=\"has-text-align-left\" data-align=\"left\">wordpress_logged_in_e22a98653f341121c097c63c996b4a5d<\/td><td>Rotunet%7C1636368406%7CKyVTXVdrfwRKnTyuAZ5lFljPtgkSzQFDbLXumaf7U7u%7Cd076960e69bae3e193cb2370377e762594528aef3e4b00d6307daaf893064958<\/td><td>rotunet.net<\/td><td>\/desarrollo\/<\/td><td>2021-11-08T22:46:47.141Z<\/td><td>185<\/td><td>\u2713<\/td><td>\u2713<\/td><td><\/td><td><\/td><td>Medium<\/td><td><\/td><\/tr><tr><td class=\"has-text-align-left\" data-align=\"left\"><\/td><td><\/td><td><\/td><td><\/td><td><\/td><td><\/td><td><\/td><td><\/td><td><\/td><td><\/td><td><\/td><td><\/td><\/tr><tr><td class=\"has-text-align-left\" data-align=\"left\"><\/td><td><\/td><td><\/td><td><\/td><td><\/td><td><\/td><td><\/td><td><\/td><td><\/td><td><\/td><\/tr><\/tbody><\/table><\/figure>\n\n\n\n<p><\/p>\n\n\n\n<h3 class=\"wp-block-heading\">Herramienta de gesti\u00f3n de las cookies<\/h3>\n\n\n\n<p>.<\/p>\n\n\n\n<p>Google Analytics es una herramienta gratuita de an\u00e1lisis web de Google que principalmente permite que los propietarios de sitios web conozcan c\u00f3mo interact\u00faan los usuarios con su sitio web. Asimismo, habilita cookies en el dominio del sitio en el que te encuentras y utiliza un conjunto de cookies denominadas \u201c__utma\u201d y \u201c__utmz\u201d para recopilar informaci\u00f3n de forma an\u00f3nima y elaborar informes de tendencias de sitios web sin identificar a usuarios individuales.<\/p>\n\n\n\n<p>Para realizar las estad\u00edsticas de uso de esta web utilizamos las cookies con la finalidad de conocer el nivel de recurrencia de nuestros visitantes y los contenidos que resultan m\u00e1s interesantes. De esta manera podemos concentrar nuestros esfuerzos en mejorar las \u00e1reas m\u00e1s visitadas y hacer que el usuario encuentre m\u00e1s f\u00e1cilmente lo que busca. En esta web puede utilizarse la informaci\u00f3n de tu visita para realizar evaluaciones y c\u00e1lculos estad\u00edsticos sobre datos an\u00f3nimos, as\u00ed como para garantizar la continuidad del servicio o para realizar mejoras en sus sitios web. Para m\u00e1s detalles, consulta en el siguiente enlace la&nbsp;<a href=\"http:\/\/www.google.com\/intl\/es\/policies\/privacy\/\" target=\"_blank\" rel=\"noreferrer noopener\">pol\u00edtica de privacidad.<\/a><\/p>\n\n\n\n<h3 class=\"wp-block-heading\">\u00bfC\u00f3mo gestionar las cookies en tu equipo? La desactivaci\u00f3n y eliminaci\u00f3n de las cookies<\/h3>\n\n\n\n<p>Todos los navegadores de Internet te permiten limitar el comportamiento de una cookie o desactivar las cookies dentro de la configuraci\u00f3n o las opciones del navegador. Los pasos para hacerlo son diferentes para cada navegador, se pueden encontrar instrucciones en el men\u00fa de ayuda de tu navegador.<\/p>\n\n\n\n<p>Si no aceptas el uso de las cookies, ya que es posible rechazarlas gracias a los men\u00fas de preferencias o ajustes de tu navegador, este sitio web seguir\u00e1 funcionando adecuadamente sin el uso de las mismas.<\/p>\n\n\n\n<p>Puedes permitir, bloquear o eliminar las cookies instaladas en tu equipo mediante la configuraci\u00f3n de las opciones del navegador instalado en tu equipo:<\/p>\n\n\n\n<ul class=\"wp-block-list\"><li>Para m\u00e1s informaci\u00f3n sobre Internet Explorer,&nbsp;<a href=\"http:\/\/windows.microsoft.com\/es-es\/windows7\/how-to-manage-cookies-in-internet-explorer-9\" target=\"_blank\" rel=\"noreferrer noopener\">pulsa aqu\u00ed<\/a>.<\/li><li>Para m\u00e1s informaci\u00f3n sobre Chrome,&nbsp;<a href=\"https:\/\/support.google.com\/chrome\/answer\/95647?hl=es\" target=\"_blank\" rel=\"noreferrer noopener\">pulsa aqu\u00ed<\/a>.<\/li><li>Para m\u00e1s informaci\u00f3n sobre Safari,&nbsp;<a href=\"https:\/\/support.apple.com\/es-es\/HT201265\" target=\"_blank\" rel=\"noreferrer noopener\">pulsa aqu\u00ed<\/a>.<\/li><li>Para m\u00e1s informaci\u00f3n sobre Firefox,&nbsp;<a href=\"https:\/\/support.mozilla.org\/es\/kb\/habilitar-y-deshabilitar-cookies-que-los-sitios-we\" target=\"_blank\" rel=\"noreferrer noopener\">pulsa aqu\u00ed<\/a>.<\/li><\/ul>\n\n\n\n<h3 class=\"wp-block-heading\">Consentimiento informado<\/h3>\n\n\n\n<p>La utilizaci\u00f3n de la presente p\u00e1gina web por tu parte, implica que prestas tu consentimiento expreso e inequ\u00edvoco a la utilizaci\u00f3n de cookies, en los t\u00e9rminos y condiciones previstos en esta Pol\u00edtica de Cookies, sin perjuicio de las medidas de desactivaci\u00f3n y eliminaci\u00f3n de las cookies que puedas adoptar, y que se mencionan en el apartado anterior.<\/p>\n\n\n\n<p>I<\/p>\n","protected":false},"excerpt":{"rendered":"<p>POL\u00cdTICA DE COOKIES \u00bfQu\u00e9 es una cookie? Una cookie es un archivo de texto que se almacena en el ordenador o dispositivo m\u00f3vil mediante un servidor Web y tan solo ese servidor ser\u00e1 capaz de recuperar o leer el contenido de la cookie y permiten&#8230;<\/p>\n","protected":false},"author":1,"featured_media":0,"parent":0,"menu_order":0,"comment_status":"closed","ping_status":"closed","template":"","meta":{"_monsterinsights_skip_tracking":false,"_monsterinsights_sitenote_active":false,"_monsterinsights_sitenote_note":"","_monsterinsights_sitenote_category":0,"footnotes":""},"class_list":["post-21962","page","type-page","status-publish","hentry"],"aioseo_notices":[],"_links":{"self":[{"href":"https:\/\/olosababaserria.es\/index.php?rest_route=\/wp\/v2\/pages\/21962","targetHints":{"allow":["GET"]}}],"collection":[{"href":"https:\/\/olosababaserria.es\/index.php?rest_route=\/wp\/v2\/pages"}],"about":[{"href":"https:\/\/olosababaserria.es\/index.php?rest_route=\/wp\/v2\/types\/page"}],"author":[{"embeddable":true,"href":"https:\/\/olosababaserria.es\/index.php?rest_route=\/wp\/v2\/users\/1"}],"replies":[{"embeddable":true,"href":"https:\/\/olosababaserria.es\/index.php?rest_route=%2Fwp%2Fv2%2Fcomments&post=21962"}],"version-history":[{"count":2,"href":"https:\/\/olosababaserria.es\/index.php?rest_route=\/wp\/v2\/pages\/21962\/revisions"}],"predecessor-version":[{"id":21971,"href":"https:\/\/olosababaserria.es\/index.php?rest_route=\/wp\/v2\/pages\/21962\/revisions\/21971"}],"wp:attachment":[{"href":"https:\/\/olosababaserria.es\/index.php?rest_route=%2Fwp%2Fv2%2Fmedia&parent=21962"}],"curies":[{"name":"wp","href":"https:\/\/api.w.org\/{rel}","templated":true}]}}