{"id":3,"date":"2020-10-01T14:09:42","date_gmt":"2020-10-01T14:09:42","guid":{"rendered":"https:\/\/olosababaserria.es\/?page_id=3"},"modified":"2021-10-29T09:17:22","modified_gmt":"2021-10-29T09:17:22","slug":"privacy-policy","status":"publish","type":"page","link":"https:\/\/olosababaserria.es\/?page_id=3","title":{"rendered":"Pol\u00edtica de privacidad"},"content":{"rendered":"\n<p><\/p>\n\n\n\n<h2 class=\"wp-block-heading\"><span style=\"color:#81a102\" class=\"has-inline-color\">POL\u00cdTICA DE PRIVACIDAD<\/span><\/h2>\n\n\n\n<hr class=\"wp-block-separator\"\/>\n\n\n\n<p><\/p>\n\n\n\n<div style=\"height:70px\" aria-hidden=\"true\" class=\"wp-block-spacer\"><\/div>\n\n\n\n<h2 class=\"wp-block-heading\">RESPONSABLE DE LA WEB<\/h2>\n\n\n\n<p><\/p>\n\n\n\n<p>En cumplimiento de la Ley 34\/2002, de 11 de julio, de Servicios de la Sociedad de la Informaci\u00f3n y del Comercio Electr\u00f3nico, se indican los datos de informaci\u00f3n general del sitio Web:<\/p>\n\n\n\n<p>\u25cf Denominaci\u00f3n social: XXXXXXXXXXX<br>\u25cf NIF\/CIF: XXXXXXXXXX<br>\u25cf Domicilio social: <meta charset=\"utf-8\">Idolikiz Auzoa, 11.  48315  kortezubi (Bizkaia)<br>\u25cf Actividad social: Venta de carne<\/p>\n\n\n\n<h2 class=\"wp-block-heading\">C\u00d3MO SE OBTIENEN LOS DATOS<\/h2>\n\n\n\n<p>Los Usuarios, mediante la marcaci\u00f3n de la casilla, aceptan expresamente y de forma libre e inequ\u00edvoca que sus datos personales sean tratados por parte del Prestador para realizar las siguientes finalidades:<\/p>\n\n\n\n<p>\u25cf Tramitar encargos, solicitudes o cualquier tipo de petici\u00f3n que sea realizada por el Usuario a trav\u00e9s de cualquiera de las formas de contacto que se ponen a su disposici\u00f3n en el Sitio Web.<br>\u25cf Remisi\u00f3n de comunicaciones comerciales publicitarias por e-mail relacionadas sobre productos o servicios ofrecidos por el Prestador, as\u00ed como por parte de los colaboradores o partners con los que \u00e9ste hubiera alcanzado alg\u00fan acuerdo de promoci\u00f3n comercial entre sus clientes. En este caso, los terceros nunca tendr\u00e1n acceso a los datos personales. En todo caso las comunicaciones comerciales ser\u00e1n realizadas por parte del Prestador y ser\u00e1n productos y servicios relacionados con el sector del Prestador.<br>\u25cf Realizar estudios estad\u00edsticos.<\/p>\n\n\n\n<p>Los datos que se solicitan a trav\u00e9s del Sitio Web son obligatorios, ya que son necesarios para la prestaci\u00f3n de un servicio \u00f3ptimo al Usuario. En caso de que no sean facilitados todos los datos, el Prestador no garantiza que la informaci\u00f3n y servicios facilitados sean completamente ajustados a sus necesidades.<\/p>\n\n\n\n<p>La base legal para el tratamiento de sus datos es: el consentimiento.<\/p>\n\n\n\n<p>El Usuario es el \u00fanico responsable de la veracidad y correcci\u00f3n de los datos que remita al Prestador, exonerando a \u00e9ste de cualquier responsabilidad al respecto. Los Usuarios garantizan y responden, en cualquier caso, de la exactitud, vigencia y autenticidad de los datos personales facilitados, y se comprometen a mantenerlos debidamente actualizados. El Usuario acepta proporcionar informaci\u00f3n completa y correcta en el formulario de contacto o suscripci\u00f3n.<\/p>\n\n\n\n<p>El Usuario podr\u00e1 dirigir sus comunicaciones y ejercitar los derechos de acceso, rectificaci\u00f3n, cancelaci\u00f3n y oposici\u00f3n a trav\u00e9s de correo postal a Idolikiz Auzoa, 11.  48315  kortezubi (Bizkaia) o al correo electr\u00f3nico: anartz@olosababaserria.es junto con prueba v\u00e1lida en derecho, como fotocopia del DNI o equivalente, indicando en el asunto \u201cProtecci\u00f3n de datos\u201d.<\/p>\n\n\n\n<p>Del mismo modo, el Usuario podr\u00e1 darse de baja de cualquiera de los servicios de suscripci\u00f3n facilitados haciendo clic en el apartado de darse de baja de todos los correos electr\u00f3nicos remitidos por parte del Prestador. Si recibe los citados correos electr\u00f3nicos es que ha dado su autorizaci\u00f3n previa, ya que el Prestador no realiza pr\u00e1cticas de SPAM.<\/p>\n\n\n\n<p>El Prestador ha adoptado todas las medidas t\u00e9cnicas y de organizaci\u00f3n necesarias para garantizar la seguridad e integridad de los datos de car\u00e1cter personal que trate, as\u00ed como para evitar su p\u00e9rdida, alteraci\u00f3n y\/o acceso por parte de terceros no autorizados.<\/p>\n\n\n\n<h2 class=\"wp-block-heading\">ENCARGADOS DE TRATAMIENTO<\/h2>\n\n\n\n<p>Para prestar servicios estrictamente necesarios para el desarrollo de la actividad, se comparten datos con los siguientes prestadores bajo sus correspondientes condiciones de privacidad:<\/p>\n\n\n\n<p><strong>Google Analytics:<\/strong>&nbsp;un servicio anal\u00edtico de web prestado por Google, Inc., una compa\u00f1\u00eda de Delaware cuya oficina principal est\u00e1 en 1600 Amphitheatre Parkway, Mountain View (California), CA 94043, Estados Unidos (\u201cGoogle\u201d). Google Analytics utiliza cookies, que son archivos de texto ubicados en tu ordenador, para ayudar a homeberriinteriorismo.com a analizar el uso que hacen los usuarios del sitio web. La informaci\u00f3n que genera la cookie acerca de su uso de homeberriinteriorismo.com ser\u00e1 directamente transmitida y archivada por Google en los servidores de Estados Unidos.<\/p>\n\n\n\n<p><strong>Hosting:<\/strong>&nbsp;John Pollock Whitford \u2013 Gontzal Uriarte, S.C. (RK Informatika) con domicilio en Gernika-Lumo (Bizkaia). M\u00e1s informaci\u00f3n en:&nbsp;<a href=\"https:\/\/webrk.net\/\" target=\"_blank\" rel=\"noreferrer noopener\">https:\/\/webrk.net<\/a>. John Pollock Whitford \u2013 Gontzal Uriarte, S.C. (RK Informatika) trata los datos con la finalidad de realizar sus servicios de registro de dominios y hosting.<\/p>\n\n\n\n<p><strong>Asesor\u00eda\/Gestor\u00eda:&nbsp;<\/strong>XXXXXXXXXXXXX con domicilio en XXXXXXXXXXXXXXXXXXXX. M\u00e1s informaci\u00f3n en: www.xxxxxxx.es. XXXXXXXXXXXXXXX trata los datos con la finalidad de asesoramiento y gesti\u00f3n en el \u00e1mbito laboral, fiscal, contable, jur\u00eddico y financiero.<\/p>\n\n\n\n<p><strong>Plataforma web:<\/strong>&nbsp;Automattic Inc., con domicilio en EEUU. M\u00e1s informaci\u00f3n en:&nbsp;<a href=\"https:\/\/es.wordpress.com\/\" target=\"_blank\" rel=\"noreferrer noopener\">https:\/\/es.wordpress.com<\/a>&nbsp;(Automattic Inc.). Automattic Inc. trata los datos con la finalidad de realizar sus servicios de plataforma web.<\/p>\n\n\n\n<h2 class=\"wp-block-heading\">ACEPTACI\u00d3N Y CONSENTIMIENTO<\/h2>\n\n\n\n<p>El Usuario declara haber sido informado de las condiciones sobre protecci\u00f3n de datos de car\u00e1cter personal, aceptando y consintiendo el tratamiento de los mismos por parte de Top Lanak, S.L. en la forma y para las finalidades indicadas en esta pol\u00edtica de privacidad.<\/p>\n\n\n\n<h2 class=\"wp-block-heading\">MODIFICACI\u00d3N EN LA POL\u00cdTICA DE PRIVACIDAD<\/h2>\n\n\n\n<p>El Prestador se reserva el derecho a modificar la presente pol\u00edtica para adaptarla a novedades legislativas o jurisprudenciales as\u00ed como a pr\u00e1cticas de la industria. En dichos supuestos, el Prestador anunciar\u00e1 en esta p\u00e1gina los cambios introducidos con razonable antelaci\u00f3n a su puesta en pr\u00e1ctica.<\/p>\n","protected":false},"excerpt":{"rendered":"<p>POL\u00cdTICA DE PRIVACIDAD RESPONSABLE DE LA WEB En cumplimiento de la Ley 34\/2002, de 11 de julio, de Servicios de la Sociedad de la Informaci\u00f3n y del Comercio Electr\u00f3nico, se indican los datos de informaci\u00f3n general del sitio Web: \u25cf Denominaci\u00f3n social: XXXXXXXXXXX\u25cf NIF\/CIF: XXXXXXXXXX\u25cf&#8230;<\/p>\n","protected":false},"author":1,"featured_media":0,"parent":0,"menu_order":0,"comment_status":"closed","ping_status":"closed","template":"","meta":{"_monsterinsights_skip_tracking":false,"_monsterinsights_sitenote_active":false,"_monsterinsights_sitenote_note":"","_monsterinsights_sitenote_category":0,"footnotes":""},"class_list":["post-3","page","type-page","status-publish","hentry"],"aioseo_notices":[],"_links":{"self":[{"href":"https:\/\/olosababaserria.es\/index.php?rest_route=\/wp\/v2\/pages\/3","targetHints":{"allow":["GET"]}}],"collection":[{"href":"https:\/\/olosababaserria.es\/index.php?rest_route=\/wp\/v2\/pages"}],"about":[{"href":"https:\/\/olosababaserria.es\/index.php?rest_route=\/wp\/v2\/types\/page"}],"author":[{"embeddable":true,"href":"https:\/\/olosababaserria.es\/index.php?rest_route=\/wp\/v2\/users\/1"}],"replies":[{"embeddable":true,"href":"https:\/\/olosababaserria.es\/index.php?rest_route=%2Fwp%2Fv2%2Fcomments&post=3"}],"version-history":[{"count":7,"href":"https:\/\/olosababaserria.es\/index.php?rest_route=\/wp\/v2\/pages\/3\/revisions"}],"predecessor-version":[{"id":21961,"href":"https:\/\/olosababaserria.es\/index.php?rest_route=\/wp\/v2\/pages\/3\/revisions\/21961"}],"wp:attachment":[{"href":"https:\/\/olosababaserria.es\/index.php?rest_route=%2Fwp%2Fv2%2Fmedia&parent=3"}],"curies":[{"name":"wp","href":"https:\/\/api.w.org\/{rel}","templated":true}]}}